{"id":2,"date":"2023-03-16T16:11:14","date_gmt":"2023-03-16T16:11:14","guid":{"rendered":"https:\/\/acacia.red\/upn\/?page_id=2"},"modified":"2023-05-02T15:30:33","modified_gmt":"2023-05-02T15:30:33","slug":"home-community","status":"publish","type":"page","link":"https:\/\/acacia.red\/upn\/","title":{"rendered":"Home Community"},"content":{"rendered":"<div class=\"wpb-content-wrapper\"><p>[vc_row inner_container=\u00bbno\u00bb padding_top=\u00bb0&#8243; padding_bottom=\u00bb0&#8243;][vc_column][rev_slider_vc alias=\u00bbHomeFullwidth\u00bb][\/vc_column][\/vc_row][vc_row type=\u00bbcolor\u00bb padding_top=\u00bb0&#8243; padding_bottom=\u00bb0&#8243;][vc_column][vc_custom_heading text=\u00bbNoticias\u00bb font_container=\u00bbtag:h1|font_size:48px|text_align:left\u00bb use_theme_fonts=\u00bbyes\u00bb el_class=\u00bbtit1&#8243;][vc_empty_space height=\u00bb10px\u00bb][\/vc_column][\/vc_row][vc_row padding_top=\u00bb0&#8243; padding_bottom=\u00bb0&#8243;][vc_column][na_posts_carousel style=\u00bbcarousel-style17&#8243; height=\u00bb300px\u00bb excerpt=\u00bb0&#8243; comment=\u00bbnone\u00bb catg=\u00bbnone\u00bb dot=\u00bbfalse\u00bb speed=\u00bb3000&#8243; txtsize=\u00bb10px\u00bb descsize=\u00bb10px\u00bb themeclr=\u00bb#004991&#8243; txtclr=\u00bb#000000&#8243; dateclr=\u00bb#000000&#8243; descclr=\u00bb#888888&#8243; settings=\u00bbsize:10|post_type:post\u00bb][\/vc_column][\/vc_row][vc_row type=\u00bbimage\u00bb bg_color=\u00bb#336da7&#8243; bg_position=\u00bbbottom\u00bb padding_bottom=\u00bb0&#8243;][vc_column width=\u00bb1\/2&#8243;][vc_empty_space height=\u00bb40px\u00bb][vc_custom_heading text=\u00bbFomentando la<br \/>\nINTEGRACI\u00d3N UNIVERSITARIA\u00bb font_container=\u00bbtag:h1|font_size:48px|text_align:left\u00bb use_theme_fonts=\u00bbyes\u00bb el_class=\u00bbclu\u00bb][vc_column_text]<span style=\"color: #ffffff;\"><span style=\"font-size: 12pt;\">Formaci\u00f3n inclusiva es el \u00e1rea que realiza acciones de promoci\u00f3n y formaci\u00f3n en equidad e inclusi\u00f3n con la comunidad universitaria, contribuyendo a la reflexi\u00f3n cr\u00edtica y propositiva en torno a la valoraci\u00f3n de la diversidad.<\/span><br \/>\n<\/span>[\/vc_column_text][vc_single_image image=\u00bb15&#8243; img_size=\u00bbfull\u00bb][\/vc_column][vc_column width=\u00bb1\/2&#8243;][vc_column_text el_class=\u00bbclu2&#8243;]<span style=\"font-size: 12pt;\">Genera estrategias que permiten incentivar la integraci\u00f3n comunitaria en pro del fortalecimiento de la equidad y la inclusi\u00f3n en los distintos \u00e1mbitos de la vida universitaria. Genera iniciativas para la promoci\u00f3n del respeto por la diversidad, la convivencia democr\u00e1tica y la formaci\u00f3n para la paz. As\u00ed se busca incentivar estrategias que permitan reconocer la necesidad de construir ambientes libres de discriminaci\u00f3n.<\/span><br \/>\n[\/vc_column_text][\/vc_column][\/vc_row][vc_row type=\u00bbimage\u00bb bg_color=\u00bb#004991&#8243; bg_position=\u00bbbottom\u00bb][vc_column width=\u00bb1\/6&#8243;][\/vc_column][vc_column width=\u00bb2\/3&#8243;][vc_empty_space height=\u00bb40px\u00bb][vc_custom_heading text=\u00bbVen, comenta y participa!\u00bb font_container=\u00bbtag:h1|font_size:48px|text_align:left\u00bb use_theme_fonts=\u00bbyes\u00bb el_class=\u00bbtit2&#8243;][vc_column_text]<span style=\"color: #ffffff; font-size: 12pt;\">Si quieres realizar un comentario o una solicitud de alg\u00fan servicio de los m\u00f3dulos diligencia los siguientes campos para contactarte:<\/span>[\/vc_column_text]\n                <div class='gf_browser_gecko gform_wrapper' id='gform_wrapper_1' ><form method='post' enctype='multipart\/form-data'  id='gform_1'  action='\/upn\/wp-json\/wp\/v2\/pages\/2'>\n                        <div class='gform_body'><ul id='gform_fields_1' class='gform_fields top_label form_sublabel_below description_below'><li id='field_1_1' class='gfield gfield_contains_required field_sublabel_below field_description_below gfield_visibility_visible' ><label class='gfield_label' for='input_1_1' >Mensaje:<span class='gfield_required'>*<\/span><\/label><div class='ginput_container ginput_container_textarea'><textarea name='input_1' id='input_1_1' class='textarea medium' tabindex='1'  placeholder='Mensaje' aria-required=\"true\" aria-invalid=\"false\"   rows='10' cols='50'><\/textarea><\/div><\/li><li id='field_1_2' class='gfield gf_left_third gfield_contains_required field_sublabel_below field_description_below gfield_visibility_visible' ><label class='gfield_label' for='input_1_2' >Nombre:<span class='gfield_required'>*<\/span><\/label><div class='ginput_container ginput_container_text'><input name='input_2' id='input_1_2' type='text' value='' class='large'  tabindex='2'  placeholder='Nombre' aria-required=\"true\" aria-invalid=\"false\" \/><\/div><\/li><li id='field_1_3' class='gfield gf_middle_third gfield_contains_required field_sublabel_below field_description_below gfield_visibility_visible' ><label class='gfield_label' for='input_1_3' >Correo:<span class='gfield_required'>*<\/span><\/label><div class='ginput_container ginput_container_email'>\n                            <input name='input_3' id='input_1_3' type='text' value='' class='large' tabindex='3'   placeholder='Correo'\/>\n                        <\/div><\/li><li id='field_1_4' class='gfield gf_right_third gfield_contains_required field_sublabel_below field_description_below gfield_visibility_visible' ><label class='gfield_label' for='input_1_4' >Universidad:<span class='gfield_required'>*<\/span><\/label><div class='ginput_container ginput_container_select'><select name='input_4' id='input_1_4'  class='large gfield_select' tabindex='4'  aria-required=\"true\" aria-invalid=\"false\"><option value='' selected='selected' class='gf_placeholder'>Universidad<\/option><option value='UPN' >UPN<\/option><option value='URACCAN' >URACCAN<\/option><option value='UDFJC' >UDFJC<\/option><option value='UNMSM' >UNMSM<\/option><option value='UA' >UA<\/option><option value='UNFV' >UNFV<\/option><option value='CURN' >CURN<\/option><option value='Otra' >Otra<\/option><\/select><\/div><\/li>\n                            <\/ul><\/div>\n        <div class='gform_footer top_label'> <input type='submit' id='gform_submit_button_1' class='gform_button button' value='Enviar mensaje' tabindex='5' onclick='if(window[\"gf_submitting_1\"]){return false;}  window[\"gf_submitting_1\"]=true;  ' onkeypress='if( event.keyCode == 13 ){ if(window[\"gf_submitting_1\"]){return false;} window[\"gf_submitting_1\"]=true;  jQuery(\"#gform_1\").trigger(\"submit\",[true]); }' \/> \n            <input type='hidden' class='gform_hidden' name='is_submit_1' value='1' \/>\n            <input type='hidden' class='gform_hidden' name='gform_submit' value='1' \/>\n            \n            <input type='hidden' class='gform_hidden' name='gform_unique_id' value='' \/>\n            <input type='hidden' class='gform_hidden' name='state_1' value='WyJbXSIsIjRkNjgwNmUzYjk5ZWQ1M2UyNzQ4MWNlNzAzZjc1MmM5Il0=' \/>\n            <input type='hidden' class='gform_hidden' name='gform_target_page_number_1' id='gform_target_page_number_1' value='0' \/>\n            <input type='hidden' class='gform_hidden' name='gform_source_page_number_1' id='gform_source_page_number_1' value='1' \/>\n            <input type='hidden' name='gform_field_values' value='' \/>\n            \n        <\/div>\n                        <p style=\"display: none !important;\" class=\"akismet-fields-container\" data-prefix=\"ak_\"><label>&#916;<textarea name=\"ak_hp_textarea\" cols=\"45\" rows=\"8\" maxlength=\"100\"><\/textarea><\/label><input type=\"hidden\" id=\"ak_js_1\" name=\"ak_js\" value=\"120\"\/><script>document.getElementById( \"ak_js_1\" ).setAttribute( \"value\", ( new Date() ).getTime() );<\/script><\/p><\/form>\n                        <\/div><script type='text\/javascript'> jQuery(document).bind('gform_post_render', function(event, formId, currentPage){if(formId == 1) {if(typeof Placeholders != 'undefined'){\n                        Placeholders.enable();\n                    }} } );jQuery(document).bind('gform_post_conditional_logic', function(event, formId, fields, isInit){} );<\/script><script type='text\/javascript'> jQuery(document).ready(function(){jQuery(document).trigger('gform_post_render', [1, 1]) } ); <\/script>[vc_empty_space height=\u00bb40px\u00bb][\/vc_column][vc_column width=\u00bb1\/6&#8243;][\/vc_column][\/vc_row][vc_row type=\u00bbimage\u00bb bg_attachment=\u00bbtrue\u00bb column_gap=\u00bbno\u00bb padding_top=\u00bb\u00bb padding_bottom=\u00bb\u00bb min_height=\u00bb\u00bb fixed_height=\u00bb\u00bb el_class=\u00bbmona\u00bb][vc_column el_class=\u00bbmona\u00bb][vc_column_text]<iframe loading=\"lazy\" style=\"width: 100%; border: 0;\" src=\"https:\/\/www.google.com\/maps\/embed?pb=!1m18!1m12!1m3!1d1671.971178065382!2d-74.05973345994694!3d4.658112984030126!2m3!1f0!2f0!3f0!3m2!1i1024!2i768!4f13.1!3m3!1m2!1s0x8e3f9a5e19c8a7f7%3A0x2e9d80ece8e8e84d!2sUniversidad%20Pedag%C3%B3gica%20Nacional!5e0!3m2!1ses-419!2sco!4v1679063209268!5m2!1ses-419!2sco \" width=\"800\" height=\"450\" allowfullscreen=\"allowfullscreen\"><\/iframe>[\/vc_column_text][\/vc_column][\/vc_row]<\/p>\n<\/div>","protected":false},"excerpt":{"rendered":"<p>[vc_row inner_container=\u00bbno\u00bb padding_top=\u00bb0&#8243; padding_bottom=\u00bb0&#8243;][vc_column][rev_slider_vc alias=\u00bbHomeFullwidth\u00bb][\/vc_column][\/vc_row][vc_row type=\u00bbcolor\u00bb padding_top=\u00bb0&#8243; padding_bottom=\u00bb0&#8243;][vc_column][vc_custom_heading text=\u00bbNoticias\u00bb font_container=\u00bbtag:h1|font_size:48px|text_align:left\u00bb use_theme_fonts=\u00bbyes\u00bb el_class=\u00bbtit1&#8243;][vc_empty_space height=\u00bb10px\u00bb][\/vc_column][\/vc_row][vc_row padding_top=\u00bb0&#8243; padding_bottom=\u00bb0&#8243;][vc_column][na_posts_carousel style=\u00bbcarousel-style17&#8243; height=\u00bb300px\u00bb excerpt=\u00bb0&#8243; comment=\u00bbnone\u00bb catg=\u00bbnone\u00bb dot=\u00bbfalse\u00bb speed=\u00bb3000&#8243; txtsize=\u00bb10px\u00bb descsize=\u00bb10px\u00bb themeclr=\u00bb#004991&#8243; txtclr=\u00bb#000000&#8243; dateclr=\u00bb#000000&#8243; descclr=\u00bb#888888&#8243; settings=\u00bbsize:10|post_type:post\u00bb][\/vc_column][\/vc_row][vc_row type=\u00bbimage\u00bb bg_color=\u00bb#336da7&#8243; bg_position=\u00bbbottom\u00bb padding_bottom=\u00bb0&#8243;][vc_column width=\u00bb1\/2&#8243;][vc_empty_space height=\u00bb40px\u00bb][vc_custom_heading text=\u00bbFomentando la INTEGRACI\u00d3N UNIVERSITARIA\u00bb font_container=\u00bbtag:h1|font_size:48px|text_align:left\u00bb use_theme_fonts=\u00bbyes\u00bb el_class=\u00bbclu\u00bb][vc_column_text]Formaci\u00f3n inclusiva es el \u00e1rea que realiza acciones de promoci\u00f3n y formaci\u00f3n en equidad e inclusi\u00f3n con la comunidad [&hellip;]<\/p>\n","protected":false},"author":25,"featured_media":0,"parent":0,"menu_order":0,"comment_status":"closed","ping_status":"closed","template":"page-templates\/full-width.php","meta":{"om_disable_all_campaigns":false,"_monsterinsights_skip_tracking":false,"_monsterinsights_sitenote_active":false,"_monsterinsights_sitenote_note":"","_monsterinsights_sitenote_category":0,"_uf_show_specific_survey":0,"_uf_disable_surveys":false,"h5ap_radio_sources":[],"footnotes":""},"class_list":["post-2","page","type-page","status-publish","hentry"],"aioseo_notices":[],"_links":{"self":[{"href":"https:\/\/acacia.red\/upn\/wp-json\/wp\/v2\/pages\/2","targetHints":{"allow":["GET"]}}],"collection":[{"href":"https:\/\/acacia.red\/upn\/wp-json\/wp\/v2\/pages"}],"about":[{"href":"https:\/\/acacia.red\/upn\/wp-json\/wp\/v2\/types\/page"}],"author":[{"embeddable":true,"href":"https:\/\/acacia.red\/upn\/wp-json\/wp\/v2\/users\/25"}],"replies":[{"embeddable":true,"href":"https:\/\/acacia.red\/upn\/wp-json\/wp\/v2\/comments?post=2"}],"version-history":[{"count":16,"href":"https:\/\/acacia.red\/upn\/wp-json\/wp\/v2\/pages\/2\/revisions"}],"predecessor-version":[{"id":231,"href":"https:\/\/acacia.red\/upn\/wp-json\/wp\/v2\/pages\/2\/revisions\/231"}],"wp:attachment":[{"href":"https:\/\/acacia.red\/upn\/wp-json\/wp\/v2\/media?parent=2"}],"curies":[{"name":"wp","href":"https:\/\/api.w.org\/{rel}","templated":true}]}}