{"id":1307,"date":"2018-05-08T20:04:43","date_gmt":"2018-05-08T20:04:43","guid":{"rendered":"https:\/\/acacia.red\/unmsm\/?page_id=1307"},"modified":"2018-05-10T15:24:48","modified_gmt":"2018-05-10T15:24:48","slug":"accesibilidad","status":"publish","type":"page","link":"https:\/\/acacia.red\/unmsm\/accesibilidad\/","title":{"rendered":"Accesibilidad"},"content":{"rendered":"<p>Esta secci\u00f3n proporciona una ubicaci\u00f3n centralizada con indicaciones para ajustar la configuraci\u00f3n y los programas de accesibilidad seg\u00fan sea tu sistema operativo.<\/p>\n<p><strong>Selecciona tu Sistema Operativo<\/strong><\/p>\n<p><a href=\"https:\/\/acacia.red\/unmsm\/wp-content\/uploads\/sites\/4\/2018\/05\/Manual-de-accesibilidad-W8.pdf\" target=\"_blank\" rel=\"noopener\">Manual de accesibilidad Windows 8<\/a><\/p>\n<p><a href=\"https:\/\/acacia.red\/unmsm\/wp-content\/uploads\/sites\/4\/2018\/05\/Manual-de-accesibilidad-W10-1.pdf\" target=\"_blank\" rel=\"noopener\">Manual de accesibilidad Windows 7 y 10<\/a><\/p>\n<p><a href=\"https:\/\/acacia.red\/unmsm\/wp-content\/uploads\/sites\/4\/2018\/05\/Manual-de-accesibilidad-OS_HS.pdf\" target=\"_blank\" rel=\"noopener\">Manual de accesibilidad iOS High Sierra<\/a><\/p>\n","protected":false},"excerpt":{"rendered":"<p>Esta secci\u00f3n proporciona una ubicaci\u00f3n centralizada con indicaciones para ajustar la configuraci\u00f3n y los programas de accesibilidad seg\u00fan sea tu sistema operativo. Selecciona tu Sistema Operativo Manual de accesibilidad Windows 8 Manual de accesibilidad Windows 7 y 10 Manual de accesibilidad iOS High Sierra<\/p>\n","protected":false},"author":1,"featured_media":0,"parent":0,"menu_order":0,"comment_status":"closed","ping_status":"closed","template":"","meta":{"_monsterinsights_skip_tracking":false,"_monsterinsights_sitenote_active":false,"_monsterinsights_sitenote_note":"","_monsterinsights_sitenote_category":0,"h5ap_radio_sources":[],"footnotes":""},"class_list":["post-1307","page","type-page","status-publish","hentry"],"_links":{"self":[{"href":"https:\/\/acacia.red\/unmsm\/wp-json\/wp\/v2\/pages\/1307","targetHints":{"allow":["GET"]}}],"collection":[{"href":"https:\/\/acacia.red\/unmsm\/wp-json\/wp\/v2\/pages"}],"about":[{"href":"https:\/\/acacia.red\/unmsm\/wp-json\/wp\/v2\/types\/page"}],"author":[{"embeddable":true,"href":"https:\/\/acacia.red\/unmsm\/wp-json\/wp\/v2\/users\/1"}],"replies":[{"embeddable":true,"href":"https:\/\/acacia.red\/unmsm\/wp-json\/wp\/v2\/comments?post=1307"}],"version-history":[{"count":4,"href":"https:\/\/acacia.red\/unmsm\/wp-json\/wp\/v2\/pages\/1307\/revisions"}],"predecessor-version":[{"id":1316,"href":"https:\/\/acacia.red\/unmsm\/wp-json\/wp\/v2\/pages\/1307\/revisions\/1316"}],"wp:attachment":[{"href":"https:\/\/acacia.red\/unmsm\/wp-json\/wp\/v2\/media?parent=1307"}],"curies":[{"name":"wp","href":"https:\/\/api.w.org\/{rel}","templated":true}]}}