{"id":963,"date":"2017-10-11T16:09:17","date_gmt":"2017-10-11T16:09:17","guid":{"rendered":"https:\/\/acacia.red\/udfjc\/?page_id=963"},"modified":"2024-05-16T13:57:00","modified_gmt":"2024-05-16T13:57:00","slug":"contacto","status":"publish","type":"page","link":"https:\/\/acacia.red\/udfjc\/contacto\/","title":{"rendered":"Contacto"},"content":{"rendered":"<div class=\"wpb-content-wrapper\"><p>[vc_row type=\u00bbimage\u00bb bg_position_horizontal=\u00bbright\u00bb bg_cover=\u00bbfalse\u00bb bg_image=\u00bb974&#8243;][vc_column width=\u00bb1\/2&#8243;][vc_column_text]<\/p>\n<p><span style=\"font-size: 14pt;\"><b>Cont\u00e1ctanos<\/b><\/span><\/p>\n<p><span style=\"font-size: 12pt;\">Estimado, por favor no dudes en contactarnos si tienes alg\u00fan problema, estamos para ayudarte, solo debes completar el siguiente formulario y nos comunicaremos lo antes posible de forma interna.<\/span><\/p>\n<p><span style=\"font-size: 12pt;\"><b>Responsable:<\/b> Olga Luc\u00eda Le\u00f3n Corredor<\/span><br \/>\n<span style=\"font-size: 12pt;\"><b>Tel\u00e9fono:<\/b> (+57) 6013239300 Ext. 6213<\/span><br \/>\n<span style=\"font-size: 12pt;\"><b>Correo:<\/b> cadep.acacia@udistrital.edu.co<\/span><\/p>\n<p>[\/vc_column_text]\n                <div class='gf_browser_gecko gform_wrapper' id='gform_wrapper_1' ><form method='post' enctype='multipart\/form-data'  id='gform_1'  action='\/udfjc\/wp-json\/wp\/v2\/pages\/963'>\n                        <div class='gform_body'><ul id='gform_fields_1' class='gform_fields top_label form_sublabel_below description_below'><li id='field_1_4' class='gfield gfield_contains_required field_sublabel_below field_description_below gfield_visibility_visible' ><label class='gfield_label' for='input_1_4' >Mensaje<span class='gfield_required'>*<\/span><\/label><div class='ginput_container ginput_container_textarea'><textarea name='input_4' id='input_1_4' class='textarea medium' tabindex='1'  placeholder='Mensaje' aria-required=\"true\" aria-invalid=\"false\"   rows='10' cols='50'><\/textarea><\/div><\/li><li id='field_1_1' class='gfield gf_left_third gfield_contains_required field_sublabel_below field_description_below gfield_visibility_visible' ><label class='gfield_label' for='input_1_1' >Nombre<span class='gfield_required'>*<\/span><\/label><div class='ginput_container ginput_container_text'><input name='input_1' id='input_1_1' type='text' value='' class='large'  tabindex='2'  placeholder='Nombre' aria-required=\"true\" aria-invalid=\"false\" \/><\/div><\/li><li id='field_1_2' class='gfield gf_middle_third gfield_contains_required field_sublabel_below field_description_below gfield_visibility_visible' ><label class='gfield_label' for='input_1_2' >Correo<span class='gfield_required'>*<\/span><\/label><div class='ginput_container ginput_container_email'>\n                            <input name='input_2' id='input_1_2' type='text' value='' class='large' tabindex='3'   placeholder='Email'\/>\n                        <\/div><\/li><li id='field_1_5' class='gfield gf_right_third gfield_contains_required field_sublabel_below field_description_below gfield_visibility_visible' ><label class='gfield_label' for='input_1_5' >Universidad<span class='gfield_required'>*<\/span><\/label><div class='ginput_container ginput_container_select'><select name='input_5' id='input_1_5'  class='large gfield_select' tabindex='4'  aria-required=\"true\" aria-invalid=\"false\"><option value='' selected='selected' class='gf_placeholder'>Universidad<\/option><option value='URACCAN' >URACCAN<\/option><option value='UDFJC' >UDFJC<\/option><option value='UNMSM' >UNMSM<\/option><option value='UA' >UA<\/option><option value='UNFV' >UNFV<\/option><option value='CURN' >CURN<\/option><option value='UPN' >UPN<\/option><option value='Otra' >Otra<\/option><\/select><\/div><\/li>\n                            <\/ul><\/div>\n        <div class='gform_footer top_label'> <input type='submit' id='gform_submit_button_1' class='gform_button button' value='Enviar comentario' tabindex='5' onclick='if(window[\"gf_submitting_1\"]){return false;}  window[\"gf_submitting_1\"]=true;  ' onkeypress='if( event.keyCode == 13 ){ if(window[\"gf_submitting_1\"]){return false;} window[\"gf_submitting_1\"]=true;  jQuery(\"#gform_1\").trigger(\"submit\",[true]); }' \/> \n            <input type='hidden' class='gform_hidden' name='is_submit_1' value='1' \/>\n            <input type='hidden' class='gform_hidden' name='gform_submit' value='1' \/>\n            \n            <input type='hidden' class='gform_hidden' name='gform_unique_id' value='' \/>\n            <input type='hidden' class='gform_hidden' name='state_1' value='WyJbXSIsIjRkNjgwNmUzYjk5ZWQ1M2UyNzQ4MWNlNzAzZjc1MmM5Il0=' \/>\n            <input type='hidden' class='gform_hidden' name='gform_target_page_number_1' id='gform_target_page_number_1' value='0' \/>\n            <input type='hidden' class='gform_hidden' name='gform_source_page_number_1' id='gform_source_page_number_1' value='1' \/>\n            <input type='hidden' name='gform_field_values' value='' \/>\n            \n        <\/div>\n                        <p style=\"display: none !important;\" class=\"akismet-fields-container\" data-prefix=\"ak_\"><label>&#916;<textarea name=\"ak_hp_textarea\" cols=\"45\" rows=\"8\" maxlength=\"100\"><\/textarea><\/label><input type=\"hidden\" id=\"ak_js_1\" name=\"ak_js\" value=\"249\"\/><script>document.getElementById( \"ak_js_1\" ).setAttribute( \"value\", ( new Date() ).getTime() );<\/script><\/p><\/form>\n                        <\/div><script type='text\/javascript'> jQuery(document).bind('gform_post_render', function(event, formId, currentPage){if(formId == 1) {if(typeof Placeholders != 'undefined'){\n                        Placeholders.enable();\n                    }} } );jQuery(document).bind('gform_post_conditional_logic', function(event, formId, fields, isInit){} );<\/script><script type='text\/javascript'> jQuery(document).ready(function(){jQuery(document).trigger('gform_post_render', [1, 1]) } ); <\/script>[\/vc_column][vc_column width=\u00bb1\/2&#8243;][\/vc_column][\/vc_row]<\/p>\n<\/div>","protected":false},"excerpt":{"rendered":"<p>[vc_row type=\u00bbimage\u00bb bg_position_horizontal=\u00bbright\u00bb bg_cover=\u00bbfalse\u00bb bg_image=\u00bb974&#8243;][vc_column width=\u00bb1\/2&#8243;][vc_column_text] Cont\u00e1ctanos Estimado, por favor no dudes en contactarnos si tienes alg\u00fan problema, estamos para ayudarte, solo debes completar el siguiente formulario y nos comunicaremos lo antes posible de forma interna. Responsable: Olga Luc\u00eda Le\u00f3n Corredor Tel\u00e9fono: (+57) 6013239300 Ext. 6213 Correo: cadep.acacia@udistrital.edu.co [\/vc_column_text][\/vc_column][vc_column width=\u00bb1\/2&#8243;][\/vc_column][\/vc_row]<\/p>\n","protected":false},"author":1,"featured_media":0,"parent":0,"menu_order":0,"comment_status":"closed","ping_status":"closed","template":"page-templates\/full-width-no-container.php","meta":{"om_disable_all_campaigns":false,"_monsterinsights_skip_tracking":false,"_monsterinsights_sitenote_active":false,"_monsterinsights_sitenote_note":"","_monsterinsights_sitenote_category":0,"_uf_show_specific_survey":0,"_uf_disable_surveys":false,"h5ap_radio_sources":[],"footnotes":""},"class_list":["post-963","page","type-page","status-publish","hentry"],"aioseo_notices":[],"_links":{"self":[{"href":"https:\/\/acacia.red\/udfjc\/wp-json\/wp\/v2\/pages\/963","targetHints":{"allow":["GET"]}}],"collection":[{"href":"https:\/\/acacia.red\/udfjc\/wp-json\/wp\/v2\/pages"}],"about":[{"href":"https:\/\/acacia.red\/udfjc\/wp-json\/wp\/v2\/types\/page"}],"author":[{"embeddable":true,"href":"https:\/\/acacia.red\/udfjc\/wp-json\/wp\/v2\/users\/1"}],"replies":[{"embeddable":true,"href":"https:\/\/acacia.red\/udfjc\/wp-json\/wp\/v2\/comments?post=963"}],"version-history":[{"count":23,"href":"https:\/\/acacia.red\/udfjc\/wp-json\/wp\/v2\/pages\/963\/revisions"}],"predecessor-version":[{"id":3880,"href":"https:\/\/acacia.red\/udfjc\/wp-json\/wp\/v2\/pages\/963\/revisions\/3880"}],"wp:attachment":[{"href":"https:\/\/acacia.red\/udfjc\/wp-json\/wp\/v2\/media?parent=963"}],"curies":[{"name":"wp","href":"https:\/\/api.w.org\/{rel}","templated":true}]}}