{"id":816,"date":"2014-03-04T14:33:32","date_gmt":"2014-03-04T14:33:32","guid":{"rendered":"http:\/\/seventhqueen.com\/themes\/kleo\/?page_id=816"},"modified":"2025-05-23T01:22:11","modified_gmt":"2025-05-23T01:22:11","slug":"home-community","status":"publish","type":"page","link":"https:\/\/acacia.red\/udfjc\/","title":{"rendered":"Home Community"},"content":{"rendered":"<div class=\"wpb-content-wrapper\"><p>[vc_row inner_container=\u00bbno\u00bb padding_top=\u00bb0&#8243; padding_bottom=\u00bb0&#8243;][vc_column][rev_slider_vc alias=\u00bbHomeFullwidth\u00bb][\/vc_column][\/vc_row][vc_row type=\u00bbcolor\u00bb padding_bottom=\u00bb0&#8243;][vc_column][vc_custom_heading text=\u00bbNoticias\u00bb font_container=\u00bbtag:h1|font_size:48px|text_align:left\u00bb use_theme_fonts=\u00bbyes\u00bb el_class=\u00bbtit1&#8243;][vc_empty_space][\/vc_column][\/vc_row][vc_row padding_top=\u00bb0&#8243; padding_bottom=\u00bb0&#8243;][vc_column][na_posts_carousel style=\u00bbcarousel-style17&#8243; height=\u00bb300px\u00bb excerpt=\u00bb0&#8243; comment=\u00bbnone\u00bb catg=\u00bbnone\u00bb dot=\u00bbfalse\u00bb speed=\u00bb10000&#8243; txtsize=\u00bb10px\u00bb descsize=\u00bb10px\u00bb themeclr=\u00bb#93398b\u00bb txtclr=\u00bb#000000&#8243; dateclr=\u00bb#000000&#8243; descclr=\u00bb#888888&#8243; settings=\u00bbsize:14|post_type:post\u00bb el_class=\u00bbdom\u00bb][\/vc_column][\/vc_row][vc_row type=\u00bbimage\u00bb bg_color=\u00bb#93398b\u00bb bg_position=\u00bbbottom\u00bb padding_bottom=\u00bb20&#8243;][vc_column width=\u00bb1\/2&#8243;][vc_custom_heading text=\u00bb\u00bfQu\u00e9 es un CADEP?\u00bb font_container=\u00bbtag:h1|font_size:48px|text_align:left\u00bb use_theme_fonts=\u00bbyes\u00bb el_class=\u00bbclu\u00bb][vc_column_text][\/vc_column_text][vc_column_text el_class=\u00bbclu2&#8243;]<span style=\"font-size: 12pt\">Los CADEP Acacia, son organismos que contribuyen al desarrollo de la inteligencia institucional y de las capacidades de las comunidades universitarias, a partir de un sistema articulado de m\u00f3dulos que Apoyan, Cultivan, Adaptan, Comunican, Innovan y, Acogen (ACACIA) las experiencias, los recursos, los equipos, los problemas y, las soluciones que requieren las Instituciones de Educaci\u00f3n Superior (IES) para:<\/span><\/p>\n<ul>\n<li><span style=\"font-size: 12pt\">El fomento profesional de todos los miembros de la comunidad educativa.<\/span><\/li>\n<li><span style=\"font-size: 12pt\">La disminuci\u00f3n de la deserci\u00f3n estudiantil.<\/span><\/li>\n<li><span style=\"font-size: 12pt\">La modernizaci\u00f3n de sus estructuras organizativas.<\/span><\/li>\n<li><span style=\"font-size: 12pt\">El respeto por el otro y sus diferencias.<\/span><\/li>\n<li><span style=\"font-size: 12pt\">La adopci\u00f3n de pr\u00e1cticas inclusivas.<\/span><\/li>\n<\/ul>\n<p><span style=\"font-size: 12pt\">Esta estructura es una nueva herramienta institucional para detectar, estudiar y solucionar problemas, que no pueden enfrentar de manera aislada, una dependencia, una facultad o un programa de formaci\u00f3n profesional.<\/span>[\/vc_column_text][\/vc_column][vc_column width=\u00bb1\/2&#8243;][vc_empty_space height=\u00bb50px\u00bb][vc_custom_heading text=\u00bbPol\u00edtica de calidad\u00bb font_container=\u00bbtag:h1|font_size:48px|text_align:left\u00bb use_theme_fonts=\u00bbyes\u00bb el_class=\u00bbclu\u00bb][vc_column_text el_class=\u00bbclu2&#8243;]<span style=\"font-size: 12pt\">Cumpliendo con las disposiciones legales y reglamentarias, Centro Acacia se compromete con la comunidad universitaria y dem\u00e1s interesados, a trabajar para el desarrollo de capacidades en la creaci\u00f3n, desarrollo y formaci\u00f3n en soluciones educativas accesibles y afectivas, la promoci\u00f3n de la inclusi\u00f3n, el fomento del respeto por el otro y sus diferencias, la reducci\u00f3n de la deserci\u00f3n estudiantil, la mejora del desempe\u00f1o acad\u00e9mico y el enriquecimiento profesional, promoviendo acciones colectivas en un ambiente colaborativo para superar las brechas de comunicaci\u00f3n y cooperaci\u00f3n entre profesores, investigadores y directivos, posibilitando la detecci\u00f3n, estudio y soluci\u00f3n de los problemas cuando no pueden ser enfrentados de manera unilateral por una sola dependencia u organismo institucional, con un talento humano profesionalmente preparado para gestionar con liderazgo, garantizando la mejora continua en todos sus procesos.<\/span>[\/vc_column_text][vc_single_image image=\u00bb1154&#8243; img_size=\u00bbfull\u00bb][\/vc_column][\/vc_row][vc_row type=\u00bbimage\u00bb bg_color=\u00bb#93398b\u00bb bg_position=\u00bbbottom\u00bb bg_image=\u00bb1169&#8243;][vc_column width=\u00bb1\/6&#8243;][\/vc_column][vc_column width=\u00bb2\/3&#8243;][vc_custom_heading text=\u00bbVen, comenta y participa!\u00bb font_container=\u00bbtag:h1|font_size:48px|text_align:left\u00bb use_theme_fonts=\u00bbyes\u00bb el_class=\u00bbtit2&#8243;][\/vc_column][\/vc_row][vc_row type=\u00bbimage\u00bb column_gap=\u00bbno\u00bb padding_top=\u00bb\u00bb padding_bottom=\u00bb\u00bb min_height=\u00bb\u00bb fixed_height=\u00bb\u00bb el_class=\u00bbmona\u00bb][vc_column el_class=\u00bbmona\u00bb][vc_gmaps link=\u00bbhttps:\/\/www.google.com\/maps\/embed?pb=!1m18!1m12!1m3!1d44993.43422267241!2d-74.10932277095336!3d4.612753816279157!2m3!1f0!2f0!3f0!3m2!1i1024!2i768!4f13.1!3m3!1m2!1s0x8e3f99007ba45ed1%3A0x44dfb2698eb5469c!2sUniversidad%20Distrital%20-%20Aduanilla%20de%20Paiba!5e0!3m2!1ses!2sco!4v1747547977062!5m2!1ses!2sco\u00bb width=\u00bb600&#8243; height=\u00bb450&#8243; frameborder=\u00bb0&#8243;][\/vc_column][\/vc_row]<\/p>\n<\/div>","protected":false},"excerpt":{"rendered":"<p>[vc_row inner_container=\u00bbno\u00bb padding_top=\u00bb0&#8243; padding_bottom=\u00bb0&#8243;][vc_column][rev_slider_vc alias=\u00bbHomeFullwidth\u00bb][\/vc_column][\/vc_row][vc_row type=\u00bbcolor\u00bb padding_bottom=\u00bb0&#8243;][vc_column][vc_custom_heading text=\u00bbNoticias\u00bb font_container=\u00bbtag:h1|font_size:48px|text_align:left\u00bb use_theme_fonts=\u00bbyes\u00bb el_class=\u00bbtit1&#8243;][vc_empty_space][\/vc_column][\/vc_row][vc_row padding_top=\u00bb0&#8243; padding_bottom=\u00bb0&#8243;][vc_column][na_posts_carousel style=\u00bbcarousel-style17&#8243; height=\u00bb300px\u00bb excerpt=\u00bb0&#8243; comment=\u00bbnone\u00bb catg=\u00bbnone\u00bb dot=\u00bbfalse\u00bb speed=\u00bb10000&#8243; txtsize=\u00bb10px\u00bb descsize=\u00bb10px\u00bb themeclr=\u00bb#93398b\u00bb txtclr=\u00bb#000000&#8243; dateclr=\u00bb#000000&#8243; descclr=\u00bb#888888&#8243; settings=\u00bbsize:14|post_type:post\u00bb el_class=\u00bbdom\u00bb][\/vc_column][\/vc_row][vc_row type=\u00bbimage\u00bb bg_color=\u00bb#93398b\u00bb bg_position=\u00bbbottom\u00bb padding_bottom=\u00bb20&#8243;][vc_column width=\u00bb1\/2&#8243;][vc_custom_heading text=\u00bb\u00bfQu\u00e9 es un CADEP?\u00bb font_container=\u00bbtag:h1|font_size:48px|text_align:left\u00bb use_theme_fonts=\u00bbyes\u00bb el_class=\u00bbclu\u00bb][vc_column_text][\/vc_column_text][vc_column_text el_class=\u00bbclu2&#8243;]Los CADEP Acacia, son organismos que contribuyen al desarrollo de la inteligencia institucional y de las capacidades de las comunidades [&hellip;]<\/p>\n","protected":false},"author":1,"featured_media":0,"parent":0,"menu_order":0,"comment_status":"closed","ping_status":"closed","template":"page-templates\/full-width.php","meta":{"om_disable_all_campaigns":false,"_monsterinsights_skip_tracking":false,"_monsterinsights_sitenote_active":false,"_monsterinsights_sitenote_note":"","_monsterinsights_sitenote_category":0,"_uf_show_specific_survey":0,"_uf_disable_surveys":false,"h5ap_radio_sources":[],"footnotes":""},"class_list":["post-816","page","type-page","status-publish","hentry"],"aioseo_notices":[],"_links":{"self":[{"href":"https:\/\/acacia.red\/udfjc\/wp-json\/wp\/v2\/pages\/816","targetHints":{"allow":["GET"]}}],"collection":[{"href":"https:\/\/acacia.red\/udfjc\/wp-json\/wp\/v2\/pages"}],"about":[{"href":"https:\/\/acacia.red\/udfjc\/wp-json\/wp\/v2\/types\/page"}],"author":[{"embeddable":true,"href":"https:\/\/acacia.red\/udfjc\/wp-json\/wp\/v2\/users\/1"}],"replies":[{"embeddable":true,"href":"https:\/\/acacia.red\/udfjc\/wp-json\/wp\/v2\/comments?post=816"}],"version-history":[{"count":424,"href":"https:\/\/acacia.red\/udfjc\/wp-json\/wp\/v2\/pages\/816\/revisions"}],"predecessor-version":[{"id":3995,"href":"https:\/\/acacia.red\/udfjc\/wp-json\/wp\/v2\/pages\/816\/revisions\/3995"}],"wp:attachment":[{"href":"https:\/\/acacia.red\/udfjc\/wp-json\/wp\/v2\/media?parent=816"}],"curies":[{"name":"wp","href":"https:\/\/api.w.org\/{rel}","templated":true}]}}