{"id":2261,"date":"2019-11-14T14:37:32","date_gmt":"2019-11-14T14:37:32","guid":{"rendered":"https:\/\/acacia.red\/udfjc\/?page_id=2261"},"modified":"2019-12-09T20:39:54","modified_gmt":"2019-12-09T20:39:54","slug":"politica-de-inclusion","status":"publish","type":"page","link":"https:\/\/acacia.red\/udfjc\/politica-de-inclusion\/","title":{"rendered":"Pol\u00edtica de universidad incluyente y accesible"},"content":{"rendered":"<div class=\"wpb-content-wrapper\"><p>[vc_row][vc_column][vc_single_image image=\u00bb2264&#8243; img_size=\u00bbfull\u00bb][vc_column_text]<span style=\"font-size: 12pt;\">El Centro de Apoyo y Desarrollo Educativo y Profesional (Centro Acacia) de la Universidad Distrital Francisco Jos\u00e9 de Caldas, en trabajo conjunto con la Oficina Asesora Jur\u00eddica, Acreditaci\u00f3n Institucional, la Facultad Tecnol\u00f3gica, el Proyecto NEES, el Doctorado Interinstitucional en Educaci\u00f3n, el Proyecto curricular de Ingenier\u00eda Ambiental, el INCI y el INSOR dise\u00f1aron el documento de Pol\u00edtica institucional de educaci\u00f3n superior incluyente y accesible. Sin embargo, para construir la versi\u00f3n definitiva es fundamental contar con la opini\u00f3n de los estudiantes, directivos, administrativos y comunidad universitaria en general. Para tal efecto, ponemos a disposici\u00f3n el documento y el formulario en l\u00ednea en el que podr\u00e1 compartirnos sus aportes frente a esta pol\u00edtica. \u00a1Los invitamos a participar!<\/span>[\/vc_column_text][vc_btn title=\u00bbDocumento\u00bb style=\u00bb3d\u00bb color=\u00bbpurple\u00bb size=\u00bbsm\u00bb i_icon_fontawesome=\u00bbfa fa-file-text\u00bb add_icon=\u00bbtrue\u00bb link=\u00bburl:https%3A%2F%2Facacia.red%2Fudfjc%2Fwp-content%2Fuploads%2Fsites%2F5%2F2019%2F11%2FDOCUMENTO-POL%C3%8DTICA-DE-INCLUSI%C3%93N.pdf|||\u00bb][vc_separator color=\u00bbwhite\u00bb][vc_btn title=\u00bbFormulario\u00bb style=\u00bb3d\u00bb color=\u00bbpurple\u00bb size=\u00bbsm\u00bb i_icon_fontawesome=\u00bbfa fa-chevron-right\u00bb add_icon=\u00bbtrue\u00bb link=\u00bburl:https%3A%2F%2Fforms.gle%2FVt1aUfDQerkkJeZM9|||\u00bb][\/vc_column][\/vc_row]<\/p>\n<\/div>","protected":false},"excerpt":{"rendered":"<p>[vc_row][vc_column][vc_single_image image=\u00bb2264&#8243; img_size=\u00bbfull\u00bb][vc_column_text]El Centro de Apoyo y Desarrollo Educativo y Profesional (Centro Acacia) de la Universidad Distrital Francisco Jos\u00e9 de Caldas, en trabajo conjunto con la Oficina Asesora Jur\u00eddica, Acreditaci\u00f3n Institucional, la Facultad Tecnol\u00f3gica, el Proyecto NEES, el Doctorado Interinstitucional en Educaci\u00f3n, el Proyecto curricular de Ingenier\u00eda Ambiental, el INCI y el INSOR dise\u00f1aron el documento de Pol\u00edtica institucional de [&hellip;]<\/p>\n","protected":false},"author":13,"featured_media":0,"parent":0,"menu_order":0,"comment_status":"closed","ping_status":"closed","template":"page-templates\/full-width.php","meta":{"om_disable_all_campaigns":false,"_monsterinsights_skip_tracking":false,"_monsterinsights_sitenote_active":false,"_monsterinsights_sitenote_note":"","_monsterinsights_sitenote_category":0,"_uf_show_specific_survey":0,"_uf_disable_surveys":false,"h5ap_radio_sources":[],"footnotes":""},"class_list":["post-2261","page","type-page","status-publish","hentry"],"aioseo_notices":[],"_links":{"self":[{"href":"https:\/\/acacia.red\/udfjc\/wp-json\/wp\/v2\/pages\/2261","targetHints":{"allow":["GET"]}}],"collection":[{"href":"https:\/\/acacia.red\/udfjc\/wp-json\/wp\/v2\/pages"}],"about":[{"href":"https:\/\/acacia.red\/udfjc\/wp-json\/wp\/v2\/types\/page"}],"author":[{"embeddable":true,"href":"https:\/\/acacia.red\/udfjc\/wp-json\/wp\/v2\/users\/13"}],"replies":[{"embeddable":true,"href":"https:\/\/acacia.red\/udfjc\/wp-json\/wp\/v2\/comments?post=2261"}],"version-history":[{"count":10,"href":"https:\/\/acacia.red\/udfjc\/wp-json\/wp\/v2\/pages\/2261\/revisions"}],"predecessor-version":[{"id":2265,"href":"https:\/\/acacia.red\/udfjc\/wp-json\/wp\/v2\/pages\/2261\/revisions\/2265"}],"wp:attachment":[{"href":"https:\/\/acacia.red\/udfjc\/wp-json\/wp\/v2\/media?parent=2261"}],"curies":[{"name":"wp","href":"https:\/\/api.w.org\/{rel}","templated":true}]}}