{"id":1330,"date":"2018-05-08T20:15:33","date_gmt":"2018-05-08T20:15:33","guid":{"rendered":"https:\/\/acacia.red\/udfjc\/?page_id=1330"},"modified":"2020-05-19T21:28:14","modified_gmt":"2020-05-19T21:28:14","slug":"accesibilidad","status":"publish","type":"page","link":"https:\/\/acacia.red\/udfjc\/accesibilidad\/","title":{"rendered":"Accesibilidad"},"content":{"rendered":"<p>Esta secci\u00f3n proporciona una ubicaci\u00f3n centralizada con indicaciones para ajustar la configuraci\u00f3n y los programas de accesibilidad seg\u00fan sea tu sistema operativo.<\/p>\n<p><strong>Selecciona tu Sistema Operativo<\/strong><\/p>\n<p><a href=\"https:\/\/acacia.red\/udfjc\/wp-content\/uploads\/sites\/5\/2018\/05\/Manual-de-accesibilidad-W8.pdf\" target=\"_blank\" rel=\"noopener noreferrer\">Manual de accesibilidad Windows 8<\/a><\/p>\n<p><a href=\"https:\/\/acacia.red\/udfjc\/wp-content\/uploads\/sites\/5\/2018\/05\/Manual-de-accesibilidad-W10.pdf\" target=\"_blank\" rel=\"noopener noreferrer\">Manual de accesibilidad Windows 10<\/a><\/p>\n<p><a href=\"https:\/\/acacia.red\/udfjc\/wp-content\/uploads\/sites\/5\/2018\/05\/Manual-de-accesibilidad-OS_HS.pdf\" target=\"_blank\" rel=\"noopener noreferrer\">Manual de accesibilidad iOS High Sierra<\/a><\/p>\n","protected":false},"excerpt":{"rendered":"<p>Esta secci\u00f3n proporciona una ubicaci\u00f3n centralizada con indicaciones para ajustar la configuraci\u00f3n y los programas de accesibilidad seg\u00fan sea tu sistema operativo. Selecciona tu Sistema Operativo Manual de accesibilidad Windows 8 Manual de accesibilidad Windows 10 Manual de accesibilidad iOS High Sierra<\/p>\n","protected":false},"author":1,"featured_media":0,"parent":0,"menu_order":0,"comment_status":"closed","ping_status":"closed","template":"","meta":{"om_disable_all_campaigns":false,"_monsterinsights_skip_tracking":false,"_monsterinsights_sitenote_active":false,"_monsterinsights_sitenote_note":"","_monsterinsights_sitenote_category":0,"_uf_show_specific_survey":0,"_uf_disable_surveys":false,"h5ap_radio_sources":[],"footnotes":""},"class_list":["post-1330","page","type-page","status-publish","hentry"],"aioseo_notices":[],"_links":{"self":[{"href":"https:\/\/acacia.red\/udfjc\/wp-json\/wp\/v2\/pages\/1330","targetHints":{"allow":["GET"]}}],"collection":[{"href":"https:\/\/acacia.red\/udfjc\/wp-json\/wp\/v2\/pages"}],"about":[{"href":"https:\/\/acacia.red\/udfjc\/wp-json\/wp\/v2\/types\/page"}],"author":[{"embeddable":true,"href":"https:\/\/acacia.red\/udfjc\/wp-json\/wp\/v2\/users\/1"}],"replies":[{"embeddable":true,"href":"https:\/\/acacia.red\/udfjc\/wp-json\/wp\/v2\/comments?post=1330"}],"version-history":[{"count":4,"href":"https:\/\/acacia.red\/udfjc\/wp-json\/wp\/v2\/pages\/1330\/revisions"}],"predecessor-version":[{"id":2464,"href":"https:\/\/acacia.red\/udfjc\/wp-json\/wp\/v2\/pages\/1330\/revisions\/2464"}],"wp:attachment":[{"href":"https:\/\/acacia.red\/udfjc\/wp-json\/wp\/v2\/media?parent=1330"}],"curies":[{"name":"wp","href":"https:\/\/api.w.org\/{rel}","templated":true}]}}