{"id":2599,"date":"2026-04-09T22:04:07","date_gmt":"2026-04-09T22:04:07","guid":{"rendered":"https:\/\/acacia.red\/ua\/?page_id=2599"},"modified":"2026-04-10T14:35:32","modified_gmt":"2026-04-10T14:35:32","slug":"isaant2495-msustentabilidad-2-2","status":"publish","type":"page","link":"https:\/\/acacia.red\/ua\/isaant2495-msustentabilidad-2-2\/","title":{"rendered":"ISA M\u00f3dulo ALFABETIZACI\u00d3NACAD\u00c9MICA HOME 2025"},"content":{"rendered":"<div class=\"wpb-content-wrapper\"><p>[vc_row type=\u00bbimage\u00bb bg_color=\u00bb#fceed4&#8243; bg_position=\u00bbbottom\u00bb bg_attachment=\u00bbtrue\u00bb enable_parallax=\u00bbfalse\u00bb padding_top=\u00bb120&#8243; padding_bottom=\u00bb120&#8243; bg_image=\u00bb2399&#8243;][vc_column width=\u00bb1\/2&#8243;][vc_empty_space height=\u00bb120px\u00bb][vc_custom_heading text=\u00bbM\u00f3dulo<br \/>\nAlfabetizaci\u00f3n Acad\u00e9mica<br \/>\n2025&#8243; font_container=\u00bbtag:h1|font_size:58px|text_align:left|color:%235e4e53&#8243; use_theme_fonts=\u00bbyes\u00bb css_animation=\u00bbfadeIn\u00bb css=\u00bb\u00bb][vc_custom_heading text=\u00bbOrganizado por la C\u00e1tedra UNESCO\u00bb font_container=\u00bbtag:h2|font_size:20px|text_align:left|color:%235e4e53&#8243; use_theme_fonts=\u00bbyes\u00bb css_animation=\u00bbfadeIn\u00bb css=\u00bb\u00bb][vc_column_text css=\u00bb\u00bb animation=\u00bbanimate-when-visible\u00bb css_animation=\u00bbleft-to-right\u00bb]<span style=\"color: #5e4e53;\">El Diplomado en Alfabetizaci\u00f3n Acad\u00e9mica: <strong>Leer y Escribir en la Universidad<\/strong>, organizado por la C\u00e1tedra UNESCO para la Lectura y la Escritura, ofrece un programa integral centrado en la comprensi\u00f3n y producci\u00f3n de textos en el \u00e1mbito acad\u00e9mico.<br \/>\n<\/span>[\/vc_column_text][vc_empty_space height=\u00bb20px\u00bb][vc_btn title=\u00bbVolver al Inicio\u00bb shape=\u00bbsquare\u00bb color=\u00bbwhite\u00bb size=\u00bbsm\u00bb i_type=\u00bbentypo\u00bb i_icon_entypo=\u00bbentypo-icon entypo-icon-left\u00bb css_animation=\u00bbbounceIn\u00bb css=\u00bb.vc_custom_1755723622527{margin-top: 0px !important;margin-right: 20px !important;margin-bottom: 0px !important;padding-top: 0px !important;padding-bottom: 0px !important;}\u00bb add_icon=\u00bbtrue\u00bb link=\u00bburl:https%3A%2F%2Facacia.red%2Fua%2Fisaant2495%2F\u00bb][vc_btn title=\u00bbVer cronograma 2026&#8243; shape=\u00bbsquare\u00bb color=\u00bbdanger\u00bb size=\u00bbsm\u00bb i_type=\u00bbentypo\u00bb i_icon_entypo=\u00bbentypo-icon entypo-icon-docs\u00bb css_animation=\u00bbbounceIn\u00bb css=\u00bb.vc_custom_1775790669886{margin-top: 0px !important;margin-right: 20px !important;margin-bottom: 0px !important;padding-top: 0px !important;padding-bottom: 0px !important;}\u00bb add_icon=\u00bbtrue\u00bb link=\u00bburl:https%3A%2F%2Facacia.red%2Fua%2Fisa-cronograma%2F\u00bb el_class=\u00bbbaner_verde_boton\u00bb][vc_btn title=\u00bb2025&#8243; shape=\u00bbsquare\u00bb color=\u00bbdanger\u00bb size=\u00bbsm\u00bb css_animation=\u00bbbounceIn\u00bb css=\u00bb.vc_custom_1775790533150{margin-top: 0px !important;margin-bottom: 0px !important;padding-top: 0px !important;padding-bottom: 0px !important;}\u00bb link=\u00bburl:https%3A%2F%2Facacia.red%2Fua%2Fisa-cronograma-3%2F|title:Home%20isa%20Cronograma%202025&#8243; el_class=\u00bbbaner_verde_boton\u00bb][vc_empty_space height=\u00bb40px\u00bb][\/vc_column][vc_column width=\u00bb1\/2&#8243;][\/vc_column][\/vc_row][vc_row type=\u00bbcolor\u00bb bg_color=\u00bb#efeae2&#8243; padding_top=\u00bb60&#8243; padding_bottom=\u00bb0&#8243;][vc_column][vc_tta_tabs shape=\u00bbsquare\u00bb color=\u00bbmulled-wine\u00bb alignment=\u00bbcenter\u00bb active_section=\u00bb1&#8243;][vc_tta_section title=\u00bbObjetivos y Contenidos\u00bb tab_id=\u00bbuno\u00bb][vc_row_inner css=\u00bb.vc_custom_1755660944359{margin-right: 60px !important;margin-bottom: 40px !important;margin-left: 60px !important;}\u00bb][vc_column_inner width=\u00bb1\/2&#8243;][vc_empty_space height=\u00bb60px\u00bb][vc_single_image image=\u00bb2374&#8243; img_size=\u00bbfull\u00bb css=\u00bb\u00bb animation=\u00bbanimate-when-visible\u00bb css_animation=\u00bbbottom-to-top\u00bb][vc_custom_heading text=\u00bbObjetivos\u00bb font_container=\u00bbtag:h1|font_size:48px|text_align:left|color:%235c4d52&#8243; use_theme_fonts=\u00bbyes\u00bb css=\u00bb\u00bb][vc_custom_heading text=\u00bbM\u00f3dulo Alfabetizaci\u00f3n Acad\u00e9mica\u00bb font_container=\u00bbtag:h2|font_size:20px|text_align:left|color:%235c4d52&#8243; use_theme_fonts=\u00bbyes\u00bb css=\u00bb\u00bb][vc_column_text css=\u00bb\u00bb]<span style=\"color: #5c4d52;\"><strong>Reconocer<\/strong> los principales enfoques y modelos de comprensi\u00f3n y producci\u00f3n de textos acad\u00e9micos.<br \/>\n<strong>Analizar<\/strong> las caracter\u00edsticas discursivas de los g\u00e9neros acad\u00e9micos desde una perspectiva funcional y sociocognitiva.<br \/>\n<strong>Dise\u00f1ar<\/strong> instrumentos de evaluaci\u00f3n y retroalimentaci\u00f3n para los procesos de lectura y escritura acad\u00e9mica.<br \/>\n<strong>Valorar<\/strong> la retroalimentaci\u00f3n como una herramienta formativa en la ense\u00f1anza de la escritura acad\u00e9mica.<\/span>[\/vc_column_text][vc_column_text css=\u00bb\u00bb]<span style=\"color: #5c4d52;\">A lo largo de seis m\u00f3dulos especializados, los participantes explorar\u00e1n las teor\u00edas actuales de comprensi\u00f3n lectora desde un enfoque interactivo y estrat\u00e9gico, los modelos fundamentales de producci\u00f3n textual acad\u00e9mica, las caracter\u00edsticas y funciones de los g\u00e9neros discursivos universitarios, metodolog\u00edas para la evaluaci\u00f3n efectiva tanto de la comprensi\u00f3n como de la producci\u00f3n escrita, y estrategias de retroalimentaci\u00f3n que favorecen el aprendizaje. <\/span><\/p>\n<p><span style=\"color: #5c4d52;\">Dirigido principalmente a docentes de educaci\u00f3n superior y profesores de lenguaje de ense\u00f1anza media, el diplomado equilibra bases te\u00f3ricas s\u00f3lidas con aplicaciones pr\u00e1cticas, proporcionando herramientas concretas para dise\u00f1ar tareas significativas de lectura y escritura, construir instrumentos de evaluaci\u00f3n justos y ofrecer retroalimentaci\u00f3n que potencie el desarrollo de habilidades comunicativas en contextos acad\u00e9micos espec\u00edficos.<\/span>[\/vc_column_text][\/vc_column_inner][vc_column_inner width=\u00bb1\/2&#8243;][vc_empty_space height=\u00bb60px\u00bb][vc_custom_heading text=\u00bbContenidos\u00bb font_container=\u00bbtag:h1|font_size:48px|text_align:left|color:%235c4d52&#8243; use_theme_fonts=\u00bbyes\u00bb css=\u00bb\u00bb][vc_custom_heading text=\u00bbReconocer &#8211; Analizar &#8211; Dise\u00f1ar &#8211; Valorar\u00bb font_container=\u00bbtag:h2|font_size:20px|text_align:left|color:%235c4d52&#8243; use_theme_fonts=\u00bbyes\u00bb css=\u00bb\u00bb][vc_column_text css=\u00bb\u00bb]<\/p>\n<h3><strong>1. Exploraci\u00f3n de los principales enfoques y modelos de comprensi\u00f3n lectora. Caracterizaci\u00f3n de las teor\u00edas o modelos de lectura de m\u00faltiples fuentes y multimodales.<\/strong><\/h3>\n<h3><strong>2. Enfoques de producci\u00f3n y aproximaciones did\u00e1cticas<\/strong><\/h3>\n<h3><strong>3. Modelos de producci\u00f3n de textos escritos<\/strong><\/h3>\n<h3><strong>4. Secuencias de aprendizaje basadas en la pedagog\u00eda del g\u00e9nero<\/strong><\/h3>\n<h3><strong>modelos te\u00f3ricos que explican el proceso de comprensi\u00f3n.<\/strong><\/h3>\n<h3><strong>5. Constructos de producci\u00f3n de textos escritos acad\u00e9micos y su operacionalizaci\u00f3n.<\/strong><\/h3>\n<h3><strong>6. Paradigmas evaluativos que subyacen la retroalimentaci\u00f3n para el aprendizaje. Paradigmas para la revisi\u00f3n de la producci\u00f3n escrita.<\/strong><\/h3>\n<h3><strong>7. Modelos de retroalimentaci\u00f3n para el aprendizaje.<\/strong><\/h3>\n<p>[\/vc_column_text][\/vc_column_inner][\/vc_row_inner][\/vc_tta_section][vc_tta_section title=\u00bbPrograma\u00bb tab_id=\u00bbdos\u00bb][vc_row_inner css=\u00bb.vc_custom_1755660469583{margin-right: 60px !important;margin-left: 60px !important;}\u00bb][vc_column_inner][vc_empty_space height=\u00bb60px\u00bb][vc_custom_heading text=\u00bbPrograma\u00bb font_container=\u00bbtag:h1|font_size:48px|text_align:left|color:%235c4d52&#8243; use_theme_fonts=\u00bbyes\u00bb css=\u00bb\u00bb][vc_custom_heading text=\u00bbPrograma de vinculaci\u00f3n bidireccional de la universidad de Antofagasta para desarrollar competencias habilitantes con foco en la sustentabilidad regional y territorial.\u00bb font_container=\u00bbtag:h2|font_size:20px|text_align:left|color:%235c4d52&#8243; use_theme_fonts=\u00bbyes\u00bb css=\u00bb\u00bb][vc_column_text css=\u00bb\u00bb]<span style=\"color: #5c4d52;\">El Diplomado en Alfabetizaci\u00f3n Acad\u00e9mica: Leer y Escribir en la Universidad, organizado por la C\u00e1tedra UNESCO para la Lectura y la Escritura, ofrece un programa integral centrado en la comprensi\u00f3n y producci\u00f3n de textos en el \u00e1mbito acad\u00e9mico.<\/span>[\/vc_column_text][vc_empty_space height=\u00bb30px\u00bb][vc_raw_html css=\u00bb\u00bb]JTNDZW1iZWQlMjBzcmMlM0QlMjJodHRwcyUzQSUyRiUyRmFjYWNpYS5yZWQlMkZ1YSUyRndwLWNvbnRlbnQlMkZ1cGxvYWRzJTJGc2l0ZXMlMkYxNCUyRjIwMjUlMkYwOCUyRjAxX1BST0dSQU1BX0FMRkFCRVRJWkFDSU9OX0FDQURFTUlDQS5wZGYlMjIlMjB0eXBlJTNEJTIyYXBwbGljYXRpb24lMkZwZGYlMjIlMjB3aWR0aCUzRCUyMjEwMCUyNSUyMiUyMGhlaWdodCUzRCUyMjgwMHB4JTIyJTNFJTNDJTJGZW1iZWQlM0U=[\/vc_raw_html][vc_empty_space height=\u00bb60px\u00bb][\/vc_column_inner][\/vc_row_inner][\/vc_tta_section][vc_tta_section title=\u00bbGu\u00eda Did\u00e1ctica\u00bb tab_id=\u00bbtres\u00bb][vc_row_inner css=\u00bb.vc_custom_1755660469583{margin-right: 60px !important;margin-left: 60px !important;}\u00bb][vc_column_inner][vc_empty_space height=\u00bb60px\u00bb][vc_custom_heading text=\u00bbGu\u00eda Did\u00e1ctica\u00bb font_container=\u00bbtag:h1|font_size:48px|text_align:left|color:%235c4d52&#8243; use_theme_fonts=\u00bbyes\u00bb css=\u00bb\u00bb][vc_custom_heading text=\u00bbEstrategias de Lectura funcional y cr\u00edtica\u00bb font_container=\u00bbtag:h2|font_size:20px|text_align:left|color:%235c4d52&#8243; use_theme_fonts=\u00bbyes\u00bb css=\u00bb\u00bb][vc_column_text css=\u00bb\u00bb]<span style=\"color: #5c4d52;\">Esta gu\u00eda nos invita a desarrollar las habilidades de lectura y escritura en diversos contextos. Este material complementa el desarrollo de los objetivos de aprendizaje de 3\u00ba y 4 \u00ba Medio para la modalidad de Educaci\u00f3n Media T\u00e9cnico Profesional<\/span>[\/vc_column_text][vc_empty_space height=\u00bb30px\u00bb][vc_raw_html css=\u00bb\u00bb]JTNDZW1iZWQlMjBzcmMlM0QlMjJodHRwcyUzQSUyRiUyRmFjYWNpYS5yZWQlMkZ1YSUyRndwLWNvbnRlbnQlMkZ1cGxvYWRzJTJGc2l0ZXMlMkYxNCUyRjIwMjYlMkYwMyUyRkFMRkFCRVRJWkFDSU9OLUFDQURFTUlDQV9ESUdJVEFMLnBkZiUyMiUyMHR5cGUlM0QlMjJhcHBsaWNhdGlvbiUyRnBkZiUyMiUyMHdpZHRoJTNEJTIyMTAwJTI1JTIyJTIwaGVpZ2h0JTNEJTIyODAwcHglMjIlM0UlM0MlMkZlbWJlZCUzRQ==[\/vc_raw_html][vc_empty_space height=\u00bb60px\u00bb][\/vc_column_inner][\/vc_row_inner][\/vc_tta_section][\/vc_tta_tabs][vc_empty_space height=\u00bb60px\u00bb][vc_column_inner width=\u00bb1\/2&#8243;][\/vc_column_inner][\/vc_column][\/vc_row][vc_row inner_container=\u00bbno\u00bb padding_top=\u00bb0&#8243; padding_bottom=\u00bb0&#8243; padding_left=\u00bb0&#8243; padding_right=\u00bb0&#8243;][vc_column][vc_gallery type=\u00bbgrid\u00bb images=\u00bb2484,2485,2486,2487,2488,2489,2490,2491,2492,2493,2494,2495&#8243; img_size=\u00bbfull\u00bb css=\u00bb.vc_custom_1756142661571{margin-top: 0px !important;margin-right: 0px !important;margin-bottom: 0px !important;margin-left: 0px !important;padding-top: 0px !important;padding-right: 0px !important;padding-bottom: 0px !important;padding-left: 0px !important;}\u00bb][\/vc_column][\/vc_row][vc_section][vc_row type=\u00bbimage\u00bb bg_color=\u00bb#f26060&#8243; bg_position=\u00bbcenter\u00bb bg_position_horizontal=\u00bbcenter\u00bb bg_attachment=\u00bbtrue\u00bb enable_parallax=\u00bbfalse\u00bb padding_bottom=\u00bb20&#8243; bg_image=\u00bb2107&#8243;][vc_column width=\u00bb1\/6&#8243;][\/vc_column][vc_column width=\u00bb2\/3&#8243;][vc_empty_space height=\u00bb60px\u00bb][vc_custom_heading text=\u00bbVen, comenta y participa!\u00bb font_container=\u00bbtag:h1|font_size:48px|text_align:left\u00bb use_theme_fonts=\u00bbyes\u00bb el_class=\u00bbtit2&#8243;][vc_column_text]<span style=\"color: #ffffff; font-size: 12pt;\">Practicables por todas las personas, en condiciones de seguridad y comodidad, de la forma m\u00e1s aut\u00f3noma y natural posible\u201d. Asimismo, la Accesibilidad se relaciona directamente con el principio de Dise\u00f1o Universal.<\/span>[\/vc_column_text]\n                <div class='gf_browser_gecko gform_wrapper' id='gform_wrapper_1' ><form method='post' enctype='multipart\/form-data'  id='gform_1'  action='\/ua\/wp-json\/wp\/v2\/pages\/2599'>\n                        <div class='gform_body'><ul id='gform_fields_1' class='gform_fields top_label form_sublabel_below description_below'><li id='field_1_4' class='gfield gfield_contains_required field_sublabel_below field_description_below hidden_label gfield_visibility_visible' ><label class='gfield_label' for='input_1_4' >Comentario<span class='gfield_required'>*<\/span><\/label><div class='ginput_container ginput_container_textarea'><textarea name='input_4' id='input_1_4' class='textarea medium' tabindex='1'  placeholder='Mensaje' aria-required=\"true\" aria-invalid=\"false\"   rows='10' cols='50'><\/textarea><\/div><\/li><li id='field_1_1' class='gfield gf_left_third gfield_contains_required field_sublabel_below field_description_below hidden_label gfield_visibility_visible' ><label class='gfield_label' for='input_1_1' >Nombre<span class='gfield_required'>*<\/span><\/label><div class='ginput_container ginput_container_text'><input name='input_1' id='input_1_1' type='text' value='' class='large'  tabindex='2'  placeholder='Nombre' aria-required=\"true\" aria-invalid=\"false\" \/><\/div><\/li><li id='field_1_2' class='gfield gf_middle_third gfield_contains_required field_sublabel_below field_description_below hidden_label gfield_visibility_visible' ><label class='gfield_label' for='input_1_2' >Email<span class='gfield_required'>*<\/span><\/label><div class='ginput_container ginput_container_email'>\n                            <input name='input_2' id='input_1_2' type='text' value='' class='large' tabindex='3'   placeholder='Email'\/>\n                        <\/div><\/li><li id='field_1_5' class='gfield gf_right_third gfield_contains_required field_sublabel_below field_description_below hidden_label gfield_visibility_visible' ><label class='gfield_label' for='input_1_5' >Universidad<span class='gfield_required'>*<\/span><\/label><div class='ginput_container ginput_container_select'><select name='input_5' id='input_1_5'  class='large gfield_select' tabindex='4'  aria-required=\"true\" aria-invalid=\"false\"><option value='' selected='selected' class='gf_placeholder'>Universidad<\/option><option value='URACCAN' >URACCAN<\/option><option value='UDFJC' >UDFJC<\/option><option value='UNMSM' >UNMSM<\/option><option value='UA' >UA<\/option><option value='UNFV' >UNFV<\/option><option value='CURN' >CURN<\/option><option value='UPN' >UPN<\/option><option value='Otra' >Otra<\/option><\/select><\/div><\/li>\n                            <\/ul><\/div>\n        <div class='gform_footer top_label'> <input type='submit' id='gform_submit_button_1' class='gform_button button' value='Enviar comentario' tabindex='5' onclick='if(window[\"gf_submitting_1\"]){return false;}  window[\"gf_submitting_1\"]=true;  ' onkeypress='if( event.keyCode == 13 ){ if(window[\"gf_submitting_1\"]){return false;} window[\"gf_submitting_1\"]=true;  jQuery(\"#gform_1\").trigger(\"submit\",[true]); }' \/> \n            <input type='hidden' class='gform_hidden' name='is_submit_1' value='1' \/>\n            <input type='hidden' class='gform_hidden' name='gform_submit' value='1' \/>\n            \n            <input type='hidden' class='gform_hidden' name='gform_unique_id' value='' \/>\n            <input type='hidden' class='gform_hidden' name='state_1' value='WyJbXSIsIjRkNjgwNmUzYjk5ZWQ1M2UyNzQ4MWNlNzAzZjc1MmM5Il0=' \/>\n            <input type='hidden' class='gform_hidden' name='gform_target_page_number_1' id='gform_target_page_number_1' value='0' \/>\n            <input type='hidden' class='gform_hidden' name='gform_source_page_number_1' id='gform_source_page_number_1' value='1' \/>\n            <input type='hidden' name='gform_field_values' value='' \/>\n            \n        <\/div>\n                        <p style=\"display: none !important;\" class=\"akismet-fields-container\" data-prefix=\"ak_\"><label>&#916;<textarea name=\"ak_hp_textarea\" cols=\"45\" rows=\"8\" maxlength=\"100\"><\/textarea><\/label><input type=\"hidden\" id=\"ak_js_1\" name=\"ak_js\" value=\"145\"\/><script>document.getElementById( \"ak_js_1\" ).setAttribute( \"value\", ( new Date() ).getTime() );<\/script><\/p><\/form>\n                        <\/div><script type='text\/javascript'> jQuery(document).bind('gform_post_render', function(event, formId, currentPage){if(formId == 1) {if(typeof Placeholders != 'undefined'){\n                        Placeholders.enable();\n                    }} } );jQuery(document).bind('gform_post_conditional_logic', function(event, formId, fields, isInit){} );<\/script><script type='text\/javascript'> jQuery(document).ready(function(){jQuery(document).trigger('gform_post_render', [1, 1]) } ); <\/script>[vc_raw_html css=\u00bb\u00bb]JTNDc3R5bGUlM0UlMEFpbnB1dCUyM2dmb3JtX3N1Ym1pdF9idXR0b25fMSUyMCU3QiUwQSUyMCUyMCUyMCUyMGJhY2tncm91bmQlM0ElMjAlMjM1ZTRlNTMlMjFpbXBvcnRhbnQlM0IlMEElMjAlMjAlMjAlMjBjb2xvciUzQSUyMCUyM2ZmZiUyMWltcG9ydGFudCUzQiUwQSUyMCUyMCUyMCUyMGZvbnQtc2l6ZSUzQSUyMDE4cHglMjFpbXBvcnRhbnQlM0IlMEElMjAlMjAlMjAlMjBmb250LXdlaWdodCUzQSUyMDYwMCUyMWltcG9ydGFudCUzQiUwQSUyMCUyMCUyMCUyMHBhZGRpbmctbGVmdCUzQSUyMDIwcHglMjFpbXBvcnRhbnQlM0IlMEElMjAlMjAlMjAlMjBwYWRkaW5nLXJpZ2h0JTNBJTIwMjBweCUyMWltcG9ydGFudCUzQiUwQSUyMCUyMCUyMCUyMGJvcmRlci1yYWRpdXMlM0ElMjA1cHglMjFpbXBvcnRhbnQlM0IlMEElMjAlMjAlMjAlMjBib3JkZXIlM0ElMjBzb2xpZCUyMDBweCUyMCUyM2ZmZiUyMWltcG9ydGFudCUzQiUwQSUyMCUyMCUyMCUyMHBhZGRpbmctYm90dG9tJTNBJTIwMTBweCUyMWltcG9ydGFudCUzQiUwQSUyMCUyMCUyMCUyMHBhZGRpbmctdG9wJTNBJTIwMTBweCUyMWltcG9ydGFudCUzQiUwQSU3RCUwQSUwQS50cC1zaGFkb3cxJTIwJTdCJTBBJTIwJTIwJTIwJTIwYm94LXNoYWRvdyUzQSUyMDAlMjAwcHglMjAwcHglMjAwcHglMjByZ2IlMjgwJTIwMCUyMDAlMjAlMkYlMjAwJTI1JTI5JTIwJTIxaW1wb3J0YW50JTNCJTBBJTdEJTBBLmJhbmVyX3ZlcmRlX2JvdG9uJTIwJTdCJTBBJTIwJTIwJTIwJTIwYm9yZGVyLWNvbG9yJTNBJTIwJTIzNDhCMjkxJTIxaW1wb3J0YW50JTNCJTBBJTIwJTIwJTIwJTIwYmFja2dyb3VuZC1jb2xvciUzQSUyMCUyMzQ4QjI5MSUyMWltcG9ydGFudCUzQiUwQSUyMCUyMCUyMCUyMGZvbnQtc2l6ZSUzQSUyMDE4cHglMjFpbXBvcnRhbnQlM0IlMEElMjAlMjAlMjAlMjBmb250LXdlaWdodCUzQSUyMDYwMCUyMWltcG9ydGFudCUzQiUwQSUyMCUyMCUyMCUyMGJvcmRlci1yYWRpdXMlM0ElMjA1cHglMjFpbXBvcnRhbnQlM0IlMEElN0QlMEElMEElMEElM0MlMkZzdHlsZSUzRQ==[\/vc_raw_html][vc_empty_space height=\u00bb60px\u00bb][\/vc_column][vc_column width=\u00bb1\/6&#8243;][\/vc_column][\/vc_row][vc_row][vc_column][vc_single_image image=\u00bb2222&#8243; img_size=\u00bbfull\u00bb css=\u00bb\u00bb animation=\u00bbanimate-when-visible\u00bb css_animation=\u00bbbottom-to-top\u00bb][\/vc_column][\/vc_row][\/vc_section]<\/p>\n<\/div>","protected":false},"excerpt":{"rendered":"<p>[vc_row type=\u00bbimage\u00bb bg_color=\u00bb#fceed4&#8243; bg_position=\u00bbbottom\u00bb bg_attachment=\u00bbtrue\u00bb enable_parallax=\u00bbfalse\u00bb padding_top=\u00bb120&#8243; padding_bottom=\u00bb120&#8243; bg_image=\u00bb2399&#8243;][vc_column width=\u00bb1\/2&#8243;][vc_empty_space height=\u00bb120px\u00bb][vc_custom_heading text=\u00bbM\u00f3dulo Alfabetizaci\u00f3n Acad\u00e9mica 2025&#8243; font_container=\u00bbtag:h1|font_size:58px|text_align:left|color:%235e4e53&#8243; use_theme_fonts=\u00bbyes\u00bb css_animation=\u00bbfadeIn\u00bb css=\u00bb\u00bb][vc_custom_heading text=\u00bbOrganizado por la C\u00e1tedra UNESCO\u00bb font_container=\u00bbtag:h2|font_size:20px|text_align:left|color:%235e4e53&#8243; use_theme_fonts=\u00bbyes\u00bb css_animation=\u00bbfadeIn\u00bb css=\u00bb\u00bb][vc_column_text css=\u00bb\u00bb animation=\u00bbanimate-when-visible\u00bb css_animation=\u00bbleft-to-right\u00bb]El Diplomado en Alfabetizaci\u00f3n Acad\u00e9mica: Leer y Escribir en la Universidad, organizado por la C\u00e1tedra UNESCO para la Lectura y la Escritura, ofrece un programa integral centrado en la comprensi\u00f3n [&hellip;]<\/p>\n","protected":false},"author":33,"featured_media":0,"parent":0,"menu_order":0,"comment_status":"closed","ping_status":"closed","template":"page-templates\/full-width.php","meta":{"_monsterinsights_skip_tracking":false,"_monsterinsights_sitenote_active":false,"_monsterinsights_sitenote_note":"","_monsterinsights_sitenote_category":0,"h5ap_radio_sources":[],"footnotes":""},"class_list":["post-2599","page","type-page","status-publish","hentry"],"_links":{"self":[{"href":"https:\/\/acacia.red\/ua\/wp-json\/wp\/v2\/pages\/2599","targetHints":{"allow":["GET"]}}],"collection":[{"href":"https:\/\/acacia.red\/ua\/wp-json\/wp\/v2\/pages"}],"about":[{"href":"https:\/\/acacia.red\/ua\/wp-json\/wp\/v2\/types\/page"}],"author":[{"embeddable":true,"href":"https:\/\/acacia.red\/ua\/wp-json\/wp\/v2\/users\/33"}],"replies":[{"embeddable":true,"href":"https:\/\/acacia.red\/ua\/wp-json\/wp\/v2\/comments?post=2599"}],"version-history":[{"count":6,"href":"https:\/\/acacia.red\/ua\/wp-json\/wp\/v2\/pages\/2599\/revisions"}],"predecessor-version":[{"id":2650,"href":"https:\/\/acacia.red\/ua\/wp-json\/wp\/v2\/pages\/2599\/revisions\/2650"}],"wp:attachment":[{"href":"https:\/\/acacia.red\/ua\/wp-json\/wp\/v2\/media?parent=2599"}],"curies":[{"name":"wp","href":"https:\/\/api.w.org\/{rel}","templated":true}]}}