{"id":2429,"date":"2025-08-25T15:45:56","date_gmt":"2025-08-25T15:45:56","guid":{"rendered":"https:\/\/acacia.red\/ua\/?page_id=2429"},"modified":"2026-04-10T03:12:22","modified_gmt":"2026-04-10T03:12:22","slug":"isa-cronograma","status":"publish","type":"page","link":"https:\/\/acacia.red\/ua\/isa-cronograma\/","title":{"rendered":"Home isa Cronograma 2026"},"content":{"rendered":"<div class=\"wpb-content-wrapper\"><p>[vc_row type=\u00bbimage\u00bb bg_color=\u00bb#fceed4&#8243; bg_position=\u00bbbottom\u00bb bg_attachment=\u00bbtrue\u00bb enable_parallax=\u00bbfalse\u00bb padding_top=\u00bb120&#8243; padding_bottom=\u00bb120&#8243; bg_image=\u00bb2288&#8243;][vc_column width=\u00bb1\/2&#8243;][vc_empty_space height=\u00bb120px\u00bb][vc_custom_heading text=\u00bbCronograma<br \/>\n2026&#8243; font_container=\u00bbtag:h1|font_size:48px|text_align:left|color:%235c4d52&#8243; use_theme_fonts=\u00bbyes\u00bb css_animation=\u00bbfadeIn\u00bb css=\u00bb\u00bb][vc_custom_heading text=\u00bbEste programa busca contribuir al fortalecimiento de capacidades en sustentabilidad, econom\u00eda circular.\u00bb font_container=\u00bbtag:h2|font_size:20px|text_align:left|color:%235e4e53&#8243; use_theme_fonts=\u00bbyes\u00bb css_animation=\u00bbfadeIn\u00bb css=\u00bb\u00bb][vc_column_text css=\u00bb\u00bb animation=\u00bbanimate-when-visible\u00bb css_animation=\u00bbleft-to-right\u00bb]<span style=\"color: #5e4e53;\"><span style=\"font-size: 12pt;\">Dirigido a <strong>estudiantes y profesores de Liceos t\u00e9cnicos profesionales, as\u00ed como a comunidades, organizaciones sociales y actores universitarios<\/strong> de la Regi\u00f3n de Antofagasta. Su prop\u00f3sito es fomentar una comprensi\u00f3n cr\u00edtica y situada de los desaf\u00edos ambientales y productivos del territorio, promoviendo la adopci\u00f3n de pr\u00e1cticas sustentables que respondan a las realidades locales y globales.<br \/>\n<\/span><br \/>\n<\/span>[\/vc_column_text][vc_btn title=\u00bbVolver al Inicio\u00bb shape=\u00bbsquare\u00bb color=\u00bbwhite\u00bb size=\u00bbsm\u00bb i_type=\u00bbentypo\u00bb i_icon_entypo=\u00bbentypo-icon entypo-icon-left\u00bb css_animation=\u00bbbounceIn\u00bb css=\u00bb.vc_custom_1755723622527{margin-top: 0px !important;margin-right: 20px !important;margin-bottom: 0px !important;padding-top: 0px !important;padding-bottom: 0px !important;}\u00bb add_icon=\u00bbtrue\u00bb link=\u00bburl:https%3A%2F%2Facacia.red%2Fua%2Fisaant2495%2F\u00bb][vc_btn title=\u00bbVer cronograma 2026&#8243; shape=\u00bbsquare\u00bb color=\u00bbvista-blue\u00bb size=\u00bbsm\u00bb i_type=\u00bbentypo\u00bb i_icon_entypo=\u00bbentypo-icon entypo-icon-docs\u00bb css_animation=\u00bbbounceIn\u00bb css=\u00bb.vc_custom_1775790728636{margin-top: 0px !important;margin-right: 20px !important;margin-bottom: 0px !important;padding-top: 0px !important;padding-bottom: 0px !important;}\u00bb add_icon=\u00bbtrue\u00bb link=\u00bburl:https%3A%2F%2Facacia.red%2Fua%2Fisa-cronograma%2F\u00bb el_class=\u00bbbaner_verde_boton\u00bb][vc_btn title=\u00bb2025&#8243; shape=\u00bbsquare\u00bb color=\u00bbvista-blue\u00bb size=\u00bbsm\u00bb css_animation=\u00bbbounceIn\u00bb css=\u00bb.vc_custom_1775790501166{margin-top: 0px !important;margin-bottom: 0px !important;padding-top: 0px !important;padding-bottom: 0px !important;}\u00bb link=\u00bburl:https%3A%2F%2Facacia.red%2Fua%2Fisa-cronograma-3%2F|title:Home%20isa%20Cronograma%202025&#8243; el_class=\u00bbbaner_verde_boton\u00bb][vc_empty_space height=\u00bb40px\u00bb][\/vc_column][vc_column width=\u00bb1\/2&#8243;][\/vc_column][\/vc_row][vc_row type=\u00bbimage\u00bb bg_color=\u00bb#5c4d52&#8243; bg_position=\u00bbcenter\u00bb bg_position_horizontal=\u00bbcenter\u00bb bg_attachment=\u00bbtrue\u00bb enable_parallax=\u00bbfalse\u00bb padding_bottom=\u00bb20&#8243; bg_image=\u00bb2242&#8243;][vc_column width=\u00bb1\/6&#8243;][\/vc_column][vc_column width=\u00bb2\/3&#8243;][vc_raw_html css=\u00bb\u00bb]JTNDZW1iZWQlMjBzcmMlM0QlMjJodHRwcyUzQSUyRiUyRmFjYWNpYS5yZWQlMkZ1YSUyRndwLWNvbnRlbnQlMkZ1cGxvYWRzJTJGc2l0ZXMlMkYxNCUyRjIwMjUlMkYwOSUyRkNST05PR1JBTUFfRklOQUwucGRmJTIyJTIwdHlwZSUzRCUyMmFwcGxpY2F0aW9uJTJGcGRmJTIyJTIwd2lkdGglM0QlMjIxMDAlMjUlMjIlMjBoZWlnaHQlM0QlMjI4MDBweCUyMiUyMCUyMGFsbG93ZnVsbHNjcmVlbiUyMHdlYmtpdGFsbG93ZnVsbHNjcmVlbiUzRSUzQyUyRmVtYmVkJTNF[\/vc_raw_html][vc_empty_space height=\u00bb60px\u00bb][vc_custom_heading text=\u00bbVen, comenta y participa!\u00bb font_container=\u00bbtag:h1|font_size:48px|text_align:left|color:%235c4d52&#8243; use_theme_fonts=\u00bbyes\u00bb css=\u00bb\u00bb][vc_column_text css=\u00bb\u00bb]<span style=\"color: #5c4d52; font-size: 12pt;\">Practicables por todas las personas, en condiciones de seguridad y comodidad, de la forma m\u00e1s aut\u00f3noma y natural posible\u201d. Asimismo, la Accesibilidad se relaciona directamente con el principio de Dise\u00f1o Universal.<\/span>[\/vc_column_text]\n                <div class='gf_browser_gecko gform_wrapper' id='gform_wrapper_1' ><form method='post' enctype='multipart\/form-data'  id='gform_1'  action='\/ua\/wp-json\/wp\/v2\/pages\/2429'>\n                        <div class='gform_body'><ul id='gform_fields_1' class='gform_fields top_label form_sublabel_below description_below'><li id='field_1_4' class='gfield gfield_contains_required field_sublabel_below field_description_below hidden_label gfield_visibility_visible' ><label class='gfield_label' for='input_1_4' >Comentario<span class='gfield_required'>*<\/span><\/label><div class='ginput_container ginput_container_textarea'><textarea name='input_4' id='input_1_4' class='textarea medium' tabindex='1'  placeholder='Mensaje' aria-required=\"true\" aria-invalid=\"false\"   rows='10' cols='50'><\/textarea><\/div><\/li><li id='field_1_1' class='gfield gf_left_third gfield_contains_required field_sublabel_below field_description_below hidden_label gfield_visibility_visible' ><label class='gfield_label' for='input_1_1' >Nombre<span class='gfield_required'>*<\/span><\/label><div class='ginput_container ginput_container_text'><input name='input_1' id='input_1_1' type='text' value='' class='large'  tabindex='2'  placeholder='Nombre' aria-required=\"true\" aria-invalid=\"false\" \/><\/div><\/li><li id='field_1_2' class='gfield gf_middle_third gfield_contains_required field_sublabel_below field_description_below hidden_label gfield_visibility_visible' ><label class='gfield_label' for='input_1_2' >Email<span class='gfield_required'>*<\/span><\/label><div class='ginput_container ginput_container_email'>\n                            <input name='input_2' id='input_1_2' type='text' value='' class='large' tabindex='3'   placeholder='Email'\/>\n                        <\/div><\/li><li id='field_1_5' class='gfield gf_right_third gfield_contains_required field_sublabel_below field_description_below hidden_label gfield_visibility_visible' ><label class='gfield_label' for='input_1_5' >Universidad<span class='gfield_required'>*<\/span><\/label><div class='ginput_container ginput_container_select'><select name='input_5' id='input_1_5'  class='large gfield_select' tabindex='4'  aria-required=\"true\" aria-invalid=\"false\"><option value='' selected='selected' class='gf_placeholder'>Universidad<\/option><option value='URACCAN' >URACCAN<\/option><option value='UDFJC' >UDFJC<\/option><option value='UNMSM' >UNMSM<\/option><option value='UA' >UA<\/option><option value='UNFV' >UNFV<\/option><option value='CURN' >CURN<\/option><option value='UPN' >UPN<\/option><option value='Otra' >Otra<\/option><\/select><\/div><\/li>\n                            <\/ul><\/div>\n        <div class='gform_footer top_label'> <input type='submit' id='gform_submit_button_1' class='gform_button button' value='Enviar comentario' tabindex='5' onclick='if(window[\"gf_submitting_1\"]){return false;}  window[\"gf_submitting_1\"]=true;  ' onkeypress='if( event.keyCode == 13 ){ if(window[\"gf_submitting_1\"]){return false;} window[\"gf_submitting_1\"]=true;  jQuery(\"#gform_1\").trigger(\"submit\",[true]); }' \/> \n            <input type='hidden' class='gform_hidden' name='is_submit_1' value='1' \/>\n            <input type='hidden' class='gform_hidden' name='gform_submit' value='1' \/>\n            \n            <input type='hidden' class='gform_hidden' name='gform_unique_id' value='' \/>\n            <input type='hidden' class='gform_hidden' name='state_1' value='WyJbXSIsIjRkNjgwNmUzYjk5ZWQ1M2UyNzQ4MWNlNzAzZjc1MmM5Il0=' \/>\n            <input type='hidden' class='gform_hidden' name='gform_target_page_number_1' id='gform_target_page_number_1' value='0' \/>\n            <input type='hidden' class='gform_hidden' name='gform_source_page_number_1' id='gform_source_page_number_1' value='1' \/>\n            <input type='hidden' name='gform_field_values' value='' \/>\n            \n        <\/div>\n                        <p style=\"display: none !important;\" class=\"akismet-fields-container\" data-prefix=\"ak_\"><label>&#916;<textarea name=\"ak_hp_textarea\" cols=\"45\" rows=\"8\" maxlength=\"100\"><\/textarea><\/label><input type=\"hidden\" id=\"ak_js_1\" name=\"ak_js\" value=\"61\"\/><script>document.getElementById( \"ak_js_1\" ).setAttribute( \"value\", ( new Date() ).getTime() );<\/script><\/p><\/form>\n                        <\/div><script type='text\/javascript'> jQuery(document).bind('gform_post_render', function(event, formId, currentPage){if(formId == 1) {if(typeof Placeholders != 'undefined'){\n                        Placeholders.enable();\n                    }} } );jQuery(document).bind('gform_post_conditional_logic', function(event, formId, fields, isInit){} );<\/script><script type='text\/javascript'> jQuery(document).ready(function(){jQuery(document).trigger('gform_post_render', [1, 1]) } ); <\/script>[vc_raw_html css=\u00bb\u00bb]JTNDc3R5bGUlM0UlMEFpbnB1dCUyM2dmb3JtX3N1Ym1pdF9idXR0b25fMSUyMCU3QiUwQSUyMCUyMCUyMCUyMGJhY2tncm91bmQlM0ElMjAlMjNGMDYxNjElMjFpbXBvcnRhbnQlM0IlMEElMjAlMjAlMjAlMjBjb2xvciUzQSUyMCUyM2ZmZiUyMWltcG9ydGFudCUzQiUwQSUyMCUyMCUyMCUyMGZvbnQtc2l6ZSUzQSUyMDE4cHglMjFpbXBvcnRhbnQlM0IlMEElMjAlMjAlMjAlMjBmb250LXdlaWdodCUzQSUyMDYwMCUyMWltcG9ydGFudCUzQiUwQSUyMCUyMCUyMCUyMHBhZGRpbmctbGVmdCUzQSUyMDIwcHglMjFpbXBvcnRhbnQlM0IlMEElMjAlMjAlMjAlMjBwYWRkaW5nLXJpZ2h0JTNBJTIwMjBweCUyMWltcG9ydGFudCUzQiUwQSUyMCUyMCUyMCUyMGJvcmRlci1yYWRpdXMlM0ElMjA1cHglMjFpbXBvcnRhbnQlM0IlMEElMjAlMjAlMjAlMjBib3JkZXIlM0ElMjBzb2xpZCUyMDBweCUyMCUyM2ZmZiUyMWltcG9ydGFudCUzQiUwQSUyMCUyMCUyMCUyMHBhZGRpbmctYm90dG9tJTNBJTIwMTBweCUyMWltcG9ydGFudCUzQiUwQSUyMCUyMCUyMCUyMHBhZGRpbmctdG9wJTNBJTIwMTBweCUyMWltcG9ydGFudCUzQiUwQSU3RCUwQSUwQS50cC1zaGFkb3cxJTIwJTdCJTBBJTIwJTIwJTIwJTIwYm94LXNoYWRvdyUzQSUyMDAlMjAwcHglMjAwcHglMjAwcHglMjByZ2IlMjgwJTIwMCUyMDAlMjAlMkYlMjAwJTI1JTI5JTIwJTIxaW1wb3J0YW50JTNCJTBBJTdEJTBBJTBBLmd2ZXJkZSUzQWJlZm9yZSUyMCU3QiUwQSUyMCUyMCUyMCUyMGJhY2tncm91bmQlM0ElMjAtbW96LWxpbmVhci1ncmFkaWVudCUyOHRvcCUyQyUyMHJnYmElMjg0NiUyQzEzMCUyQzEwMiUyQzAuMyUyOSUyMDAlMkMlMjAlMjMyNjViNDMlMjAxMDAlMjUlMjklM0IlMEElMjAlMjAlMjAlMjBiYWNrZ3JvdW5kJTNBJTIwLXdlYmtpdC1saW5lYXItZ3JhZGllbnQlMjh0b3AlMkMlMjByZ2JhJTI4NDYlMkMxMzAlMkMxMDIlMkMwLjMlMjklMjAwJTJDJTIwJTIzMjY1YjQzJTIwMTAwJTI1JTI5JTNCJTBBJTIwJTIwJTIwJTIwYmFja2dyb3VuZCUzQSUyMGxpbmVhci1ncmFkaWVudCUyOHRvJTIwYm90dG9tJTJDJTIwcmdiYSUyODQ2JTJDMTMwJTJDMTAyJTJDMC4zJTI5JTIwMCUyQyUyMCUyMzI2NWI0MyUyMDEwMCUyNSUyOSUzQiUwQSUyMCUyMCUyMCUyMGZpbHRlciUzQSUyMHByb2dpZCUzQURYSW1hZ2VUcmFuc2Zvcm0uTWljcm9zb2Z0LmdyYWRpZW50JTI4c3RhcnRDb2xvcnN0ciUzRCUyNyUyMzI2NWI0MyUyNyUyQyUyMGVuZENvbG9yc3RyJTNEJTI3JTIzMjM4MjY2JTI3JTJDJTIwR3JhZGllbnRUeXBlJTNEMCUyOSUzQiUwQSU3RCUwQSUwQS5nY2FmZSUzQWJlZm9yZSUyMCU3QiUwQSUyMCUyMCUyMCUyMGJhY2tncm91bmQlM0ElMjAtbW96LWxpbmVhci1ncmFkaWVudCUyOHRvcCUyQyUyMHJnYmElMjgxNiUyQzE0JTJDMTUlMkMwLjUlMjklMjAwJTJDJTIwJTIzM2YzMTM2JTIwMTAwJTI1JTI5JTNCJTBBJTIwJTIwJTIwJTIwYmFja2dyb3VuZCUzQSUyMC13ZWJraXQtbGluZWFyLWdyYWRpZW50JTI4dG9wJTJDJTIwcmdiYSUyODE2JTJDMTQlMkMxNSUyQzAuNSUyOSUyMDAlMkMlMjAlMjMzZjMxMzYlMjAxMDAlMjUlMjklM0IlMEElMjAlMjAlMjAlMjBiYWNrZ3JvdW5kJTNBJTIwbGluZWFyLWdyYWRpZW50JTI4dG8lMjBib3R0b20lMkMlMjByZ2JhJTI4MTYlMkMxNCUyQzE1JTJDMC41JTI5JTIwMCUyQyUyMCUyMzNmMzEzNiUyMDEwMCUyNSUyOSUzQiUwQSUyMCUyMCUyMCUyMGZpbHRlciUzQSUyMHByb2dpZCUzQURYSW1hZ2VUcmFuc2Zvcm0uTWljcm9zb2Z0LmdyYWRpZW50JTI4c3RhcnRDb2xvcnN0ciUzRCUyNyUyMzVjNGQ1MiUyNyUyQyUyMGVuZENvbG9yc3RyJTNEJTI3JTIzM2YzMTM2JTI3JTJDJTIwR3JhZGllbnRUeXBlJTNEMCUyOSUzQiUwQSU3RCUwQS5ncm9qbyUzQWJlZm9yZSUyMCU3QiUwQSUyMCUyMCUyMCUyMGJhY2tncm91bmQlM0ElMjAtbW96LWxpbmVhci1ncmFkaWVudCUyOHRvcCUyQyUyMHJnYmElMjgxMzAlMkM1NSUyQzUlMkMwLjUlMjklMjAwJTJDJTIwJTIzNzUyMzIzJTIwMTAwJTI1JTI5JTNCJTBBJTIwJTIwJTIwJTIwYmFja2dyb3VuZCUzQSUyMC13ZWJraXQtbGluZWFyLWdyYWRpZW50JTI4dG9wJTJDJTIwcmdiYSUyODEzMCUyQzU1JTJDNSUyQzAuNSUyOSUyMDAlMkMlMjAlMjM3NTIzMjMlMjAxMDAlMjUlMjklM0IlMEElMjAlMjAlMjAlMjBiYWNrZ3JvdW5kJTNBJTIwbGluZWFyLWdyYWRpZW50JTI4dG8lMjBib3R0b20lMkMlMjByZ2JhJTI4MTMwJTJDNTUlMkM1JTJDMC41JTI5JTIwMCUyQyUyMCUyMzc1MjMyMyUyMDEwMCUyNSUyOSUzQiUwQSUyMCUyMCUyMCUyMGZpbHRlciUzQSUyMHByb2dpZCUzQURYSW1hZ2VUcmFuc2Zvcm0uTWljcm9zb2Z0LmdyYWRpZW50JTI4c3RhcnRDb2xvcnN0ciUzRCUyNyUyM2YxNjE2MSUyNyUyQyUyMGVuZENvbG9yc3RyJTNEJTI3JTIzNzUyMzIzJTI3JTJDJTIwR3JhZGllbnRUeXBlJTNEMCUyOSUzQiUwQSU3RCUwQSUwQS5nYW1hcmlsbG8lM0FiZWZvcmUlMjAlN0IlMEElMjAlMjAlMjAlMjBiYWNrZ3JvdW5kJTNBJTIwLW1vei1saW5lYXItZ3JhZGllbnQlMjh0b3AlMkMlMjByZ2JhJTI4MTUzJTJDMTA5JTJDNTclMkMwLjUlMjklMjAwJTJDJTIwJTIzYmI2ZTEyJTIwMTAwJTI1JTI5JTNCJTBBJTIwJTIwJTIwJTIwYmFja2dyb3VuZCUzQSUyMC13ZWJraXQtbGluZWFyLWdyYWRpZW50JTI4dG9wJTJDJTIwcmdiYSUyODE1MyUyQzEwOSUyQzU3JTJDMC41JTI5JTIwMCUyQyUyMCUyM2JiNmUxMiUyMDEwMCUyNSUyOSUzQiUwQSUyMCUyMCUyMCUyMGJhY2tncm91bmQlM0ElMjBsaW5lYXItZ3JhZGllbnQlMjh0byUyMGJvdHRvbSUyQyUyMHJnYmElMjgxNTMlMkMxMDklMkM1NyUyQzAuNSUyOSUyMDAlMkMlMjAlMjNiYjZlMTIlMjAxMDAlMjUlMjklM0IlMEElMjAlMjAlMjAlMjBmaWx0ZXIlM0ElMjBwcm9naWQlM0FEWEltYWdlVHJhbnNmb3JtLk1pY3Jvc29mdC5ncmFkaWVudCUyOHN0YXJ0Q29sb3JzdHIlM0QlMjclMjNmMmI1NjAlMjclMkMlMjBlbmRDb2xvcnN0ciUzRCUyNyUyM2JiNmUxMiUyNyUyQyUyMEdyYWRpZW50VHlwZSUzRDAlMjklM0IlMEElN0QlMEElMEEuZ29jcmUlM0FiZWZvcmUlMjAlN0IlMEElMjAlMjAlMjAlMjBiYWNrZ3JvdW5kJTNBJTIwLW1vei1saW5lYXItZ3JhZGllbnQlMjh0b3AlMkMlMjByZ2JhJTI4MTUzJTJDMTA5JTJDNTclMkMwLjUlMjklMjAwJTJDJTIwJTIzNjg1OTJmJTIwMTAwJTI1JTI5JTNCJTBBJTIwJTIwJTIwJTIwYmFja2dyb3VuZCUzQSUyMC13ZWJraXQtbGluZWFyLWdyYWRpZW50JTI4dG9wJTJDJTIwcmdiYSUyODE1MyUyQzEwOSUyQzU3JTJDMC41JTI5JTIwMCUyQyUyMCUyMzY4NTkyZiUyMDEwMCUyNSUyOSUzQiUwQSUyMCUyMCUyMCUyMGJhY2tncm91bmQlM0ElMjBsaW5lYXItZ3JhZGllbnQlMjh0byUyMGJvdHRvbSUyQyUyMHJnYmElMjgxNTMlMkMxMDklMkM1NyUyQzAuNSUyOSUyMDAlMkMlMjAlMjM2ODU5MmYlMjAxMDAlMjUlMjklM0IlMEElMjAlMjAlMjAlMjBmaWx0ZXIlM0ElMjBwcm9naWQlM0FEWEltYWdlVHJhbnNmb3JtLk1pY3Jvc29mdC5ncmFkaWVudCUyOHN0YXJ0Q29sb3JzdHIlM0QlMjclMjNmMmI1NjAlMjclMkMlMjBlbmRDb2xvcnN0ciUzRCUyNyUyMzY4NTkyZiUyNyUyQyUyMEdyYWRpZW50VHlwZSUzRDAlMjklM0IlMEElN0QlMEEuYmFuZXJfdmVyZGVfYm90b24lMjAlN0IlMEElMjAlMjAlMjAlMjBib3JkZXItY29sb3IlM0ElMjAlMjM0OEIyOTElMjFpbXBvcnRhbnQlM0IlMEElMjAlMjAlMjAlMjBiYWNrZ3JvdW5kLWNvbG9yJTNBJTIwJTIzNDhCMjkxJTIxaW1wb3J0YW50JTNCJTBBJTIwJTIwJTIwJTIwZm9udC1zaXplJTNBJTIwMThweCUyMWltcG9ydGFudCUzQiUwQSUyMCUyMCUyMCUyMGZvbnQtd2VpZ2h0JTNBJTIwNjAwJTIxaW1wb3J0YW50JTNCJTBBJTIwJTIwJTIwJTIwYm9yZGVyLXJhZGl1cyUzQSUyMDVweCUyMWltcG9ydGFudCUzQiUwQSU3RCUwQS5zb2NrZXQtY29sb3IlMjAlN0IlMEElMjAlMjAlMjAlMjBiYWNrZ3JvdW5kLWNvbG9yJTNBJTIwJTIzMjU1NzZmJTNCJTBBY29sb3IlM0ElMjAlMjNmZmZmZmYlM0IlMEElN0QlMEElM0MlMkZzdHlsZSUzRQ==[\/vc_raw_html][vc_empty_space height=\u00bb60px\u00bb][\/vc_column][vc_column width=\u00bb1\/6&#8243;][\/vc_column][\/vc_row][vc_row inner_container=\u00bbno\u00bb padding_top=\u00bb0&#8243; padding_bottom=\u00bb0&#8243; animation=\u00bbanimate-when-visible\u00bb][vc_column][rev_slider_vc alias=\u00bbHomeFullwidth\u00bb][\/vc_column][\/vc_row][vc_section][vc_row][vc_column][vc_single_image image=\u00bb2222&#8243; img_size=\u00bbfull\u00bb css=\u00bb\u00bb animation=\u00bbanimate-when-visible\u00bb css_animation=\u00bbbottom-to-top\u00bb][\/vc_column][\/vc_row][\/vc_section]<\/p>\n<\/div>","protected":false},"excerpt":{"rendered":"<p>[vc_row type=\u00bbimage\u00bb bg_color=\u00bb#fceed4&#8243; bg_position=\u00bbbottom\u00bb bg_attachment=\u00bbtrue\u00bb enable_parallax=\u00bbfalse\u00bb padding_top=\u00bb120&#8243; padding_bottom=\u00bb120&#8243; bg_image=\u00bb2288&#8243;][vc_column width=\u00bb1\/2&#8243;][vc_empty_space height=\u00bb120px\u00bb][vc_custom_heading text=\u00bbCronograma 2026&#8243; font_container=\u00bbtag:h1|font_size:48px|text_align:left|color:%235c4d52&#8243; use_theme_fonts=\u00bbyes\u00bb css_animation=\u00bbfadeIn\u00bb css=\u00bb\u00bb][vc_custom_heading text=\u00bbEste programa busca contribuir al fortalecimiento de capacidades en sustentabilidad, econom\u00eda circular.\u00bb font_container=\u00bbtag:h2|font_size:20px|text_align:left|color:%235e4e53&#8243; use_theme_fonts=\u00bbyes\u00bb css_animation=\u00bbfadeIn\u00bb css=\u00bb\u00bb][vc_column_text css=\u00bb\u00bb animation=\u00bbanimate-when-visible\u00bb css_animation=\u00bbleft-to-right\u00bb]Dirigido a estudiantes y profesores de Liceos t\u00e9cnicos profesionales, as\u00ed como a comunidades, organizaciones sociales y actores universitarios de la Regi\u00f3n de Antofagasta. Su prop\u00f3sito [&hellip;]<\/p>\n","protected":false},"author":30,"featured_media":0,"parent":0,"menu_order":0,"comment_status":"closed","ping_status":"closed","template":"page-templates\/full-width.php","meta":{"_monsterinsights_skip_tracking":false,"_monsterinsights_sitenote_active":false,"_monsterinsights_sitenote_note":"","_monsterinsights_sitenote_category":0,"h5ap_radio_sources":[],"footnotes":""},"class_list":["post-2429","page","type-page","status-publish","hentry"],"_links":{"self":[{"href":"https:\/\/acacia.red\/ua\/wp-json\/wp\/v2\/pages\/2429","targetHints":{"allow":["GET"]}}],"collection":[{"href":"https:\/\/acacia.red\/ua\/wp-json\/wp\/v2\/pages"}],"about":[{"href":"https:\/\/acacia.red\/ua\/wp-json\/wp\/v2\/types\/page"}],"author":[{"embeddable":true,"href":"https:\/\/acacia.red\/ua\/wp-json\/wp\/v2\/users\/30"}],"replies":[{"embeddable":true,"href":"https:\/\/acacia.red\/ua\/wp-json\/wp\/v2\/comments?post=2429"}],"version-history":[{"count":8,"href":"https:\/\/acacia.red\/ua\/wp-json\/wp\/v2\/pages\/2429\/revisions"}],"predecessor-version":[{"id":2634,"href":"https:\/\/acacia.red\/ua\/wp-json\/wp\/v2\/pages\/2429\/revisions\/2634"}],"wp:attachment":[{"href":"https:\/\/acacia.red\/ua\/wp-json\/wp\/v2\/media?parent=2429"}],"curies":[{"name":"wp","href":"https:\/\/api.w.org\/{rel}","templated":true}]}}